{"id":195,"date":"2016-06-24T09:37:46","date_gmt":"2016-06-24T07:37:46","guid":{"rendered":"https:\/\/www.jaermuseet.no\/?page_id=195"},"modified":"2018-02-21T14:52:09","modified_gmt":"2018-02-21T12:52:09","slug":"kart","status":"publish","type":"page","link":"https:\/\/www.jaermuseet.no\/garborgsenteret\/kart\/","title":{"rendered":"Kart"},"content":{"rendered":"<div class=\"iframe-wrapper-gmaps\"><iframe loading=\"lazy\" style=\"border: 0px currentColor;\" src=\"https:\/\/www.google.com\/maps\/embed?pb=!1m18!1m12!1m3!1d2070.7677098511817!2d5.651022000000001!3d58.733929!2m3!1f0!2f0!3f0!3m2!1i1024!2i768!4f13.1!3m3!1m2!1s0x463a389dd607b213%3A0xc64fc9e25b85bad1!2sGarborgsenteret!5e0!3m2!1sno!2sno!4v1422366981960\" width=\"800\" height=\"600\" frameborder=\"0\"><\/iframe><\/div>\n<p>&gt; <a title=\"Opningstider og prisar\" href=\"https:\/\/www.jaermuseet.no\/garborgsenteret\/opningstider\/\">Se opningstider her<\/a><\/p>\n<p>Parkering i parkeringshus (Forum parkering) like ved senteret. Det er ogs\u00e5 mogleg \u00e5 parkera p\u00e5 Kinoplassen.<\/p>\n","protected":false},"excerpt":{"rendered":"<p>&gt; Se opningstider her Parkering i parkeringshus (Forum parkering) like&#8230;<\/p>\n","protected":false},"author":1,"featured_media":0,"parent":0,"menu_order":0,"comment_status":"closed","ping_status":"closed","template":"","meta":{"_acf_changed":false,"footnotes":""},"class_list":["post-195","page","type-page","status-publish","hentry","featured-image-size-large"],"acf":[],"yoast_head":"<!-- This site is optimized with the Yoast SEO plugin v27.4 - https:\/\/yoast.com\/product\/yoast-seo-wordpress\/ -->\n<title>Kart - Garborgsenteret<\/title>\n<meta name=\"robots\" content=\"index, follow, max-snippet:-1, max-image-preview:large, max-video-preview:-1\" \/>\n<link rel=\"canonical\" href=\"https:\/\/www.jaermuseet.no\/garborgsenteret\/kart\/\" \/>\n<meta property=\"og:locale\" content=\"nn_NO\" \/>\n<meta property=\"og:type\" content=\"article\" \/>\n<meta property=\"og:title\" content=\"Kart - Garborgsenteret\" \/>\n<meta property=\"og:description\" content=\"&gt; Se opningstider her Parkering i parkeringshus (Forum parkering) like...\" \/>\n<meta property=\"og:url\" content=\"https:\/\/www.jaermuseet.no\/garborgsenteret\/kart\/\" \/>\n<meta property=\"og:site_name\" content=\"Garborgsenteret\" \/>\n<meta property=\"article:modified_time\" content=\"2018-02-21T12:52:09+00:00\" \/>\n<meta name=\"twitter:card\" content=\"summary_large_image\" \/>\n<script type=\"application\/ld+json\" class=\"yoast-schema-graph\">{\"@context\":\"https:\\\/\\\/schema.org\",\"@graph\":[{\"@type\":\"WebPage\",\"@id\":\"https:\\\/\\\/www.jaermuseet.no\\\/garborgsenteret\\\/kart\\\/\",\"url\":\"https:\\\/\\\/www.jaermuseet.no\\\/garborgsenteret\\\/kart\\\/\",\"name\":\"Kart - Garborgsenteret\",\"isPartOf\":{\"@id\":\"https:\\\/\\\/www.jaermuseet.no\\\/garborgsenteret\\\/#website\"},\"datePublished\":\"2016-06-24T07:37:46+00:00\",\"dateModified\":\"2018-02-21T12:52:09+00:00\",\"breadcrumb\":{\"@id\":\"https:\\\/\\\/www.jaermuseet.no\\\/garborgsenteret\\\/kart\\\/#breadcrumb\"},\"inLanguage\":\"nn-NO\",\"potentialAction\":[{\"@type\":\"ReadAction\",\"target\":[\"https:\\\/\\\/www.jaermuseet.no\\\/garborgsenteret\\\/kart\\\/\"]}]},{\"@type\":\"BreadcrumbList\",\"@id\":\"https:\\\/\\\/www.jaermuseet.no\\\/garborgsenteret\\\/kart\\\/#breadcrumb\",\"itemListElement\":[{\"@type\":\"ListItem\",\"position\":1,\"name\":\"Hjem\",\"item\":\"https:\\\/\\\/www.jaermuseet.no\\\/garborgsenteret\\\/\"},{\"@type\":\"ListItem\",\"position\":2,\"name\":\"Kart\"}]},{\"@type\":\"WebSite\",\"@id\":\"https:\\\/\\\/www.jaermuseet.no\\\/garborgsenteret\\\/#website\",\"url\":\"https:\\\/\\\/www.jaermuseet.no\\\/garborgsenteret\\\/\",\"name\":\"Garborgsenteret\",\"description\":\"A national arena to promote the interest for authors Arne and Hulda Garborg\",\"potentialAction\":[{\"@type\":\"SearchAction\",\"target\":{\"@type\":\"EntryPoint\",\"urlTemplate\":\"https:\\\/\\\/www.jaermuseet.no\\\/garborgsenteret\\\/?s={search_term_string}\"},\"query-input\":{\"@type\":\"PropertyValueSpecification\",\"valueRequired\":true,\"valueName\":\"search_term_string\"}}],\"inLanguage\":\"nn-NO\"}]}<\/script>\n<!-- \/ Yoast SEO plugin. -->","yoast_head_json":{"title":"Kart - Garborgsenteret","robots":{"index":"index","follow":"follow","max-snippet":"max-snippet:-1","max-image-preview":"max-image-preview:large","max-video-preview":"max-video-preview:-1"},"canonical":"https:\/\/www.jaermuseet.no\/garborgsenteret\/kart\/","og_locale":"nn_NO","og_type":"article","og_title":"Kart - Garborgsenteret","og_description":"&gt; Se opningstider her Parkering i parkeringshus (Forum parkering) like...","og_url":"https:\/\/www.jaermuseet.no\/garborgsenteret\/kart\/","og_site_name":"Garborgsenteret","article_modified_time":"2018-02-21T12:52:09+00:00","twitter_card":"summary_large_image","schema":{"@context":"https:\/\/schema.org","@graph":[{"@type":"WebPage","@id":"https:\/\/www.jaermuseet.no\/garborgsenteret\/kart\/","url":"https:\/\/www.jaermuseet.no\/garborgsenteret\/kart\/","name":"Kart - Garborgsenteret","isPartOf":{"@id":"https:\/\/www.jaermuseet.no\/garborgsenteret\/#website"},"datePublished":"2016-06-24T07:37:46+00:00","dateModified":"2018-02-21T12:52:09+00:00","breadcrumb":{"@id":"https:\/\/www.jaermuseet.no\/garborgsenteret\/kart\/#breadcrumb"},"inLanguage":"nn-NO","potentialAction":[{"@type":"ReadAction","target":["https:\/\/www.jaermuseet.no\/garborgsenteret\/kart\/"]}]},{"@type":"BreadcrumbList","@id":"https:\/\/www.jaermuseet.no\/garborgsenteret\/kart\/#breadcrumb","itemListElement":[{"@type":"ListItem","position":1,"name":"Hjem","item":"https:\/\/www.jaermuseet.no\/garborgsenteret\/"},{"@type":"ListItem","position":2,"name":"Kart"}]},{"@type":"WebSite","@id":"https:\/\/www.jaermuseet.no\/garborgsenteret\/#website","url":"https:\/\/www.jaermuseet.no\/garborgsenteret\/","name":"Garborgsenteret","description":"A national arena to promote the interest for authors Arne and Hulda Garborg","potentialAction":[{"@type":"SearchAction","target":{"@type":"EntryPoint","urlTemplate":"https:\/\/www.jaermuseet.no\/garborgsenteret\/?s={search_term_string}"},"query-input":{"@type":"PropertyValueSpecification","valueRequired":true,"valueName":"search_term_string"}}],"inLanguage":"nn-NO"}]}},"jetpack_sharing_enabled":true,"_links":{"self":[{"href":"https:\/\/www.jaermuseet.no\/garborgsenteret\/wp-json\/wp\/v2\/pages\/195","targetHints":{"allow":["GET"]}}],"collection":[{"href":"https:\/\/www.jaermuseet.no\/garborgsenteret\/wp-json\/wp\/v2\/pages"}],"about":[{"href":"https:\/\/www.jaermuseet.no\/garborgsenteret\/wp-json\/wp\/v2\/types\/page"}],"author":[{"embeddable":true,"href":"https:\/\/www.jaermuseet.no\/garborgsenteret\/wp-json\/wp\/v2\/users\/1"}],"replies":[{"embeddable":true,"href":"https:\/\/www.jaermuseet.no\/garborgsenteret\/wp-json\/wp\/v2\/comments?post=195"}],"version-history":[{"count":9,"href":"https:\/\/www.jaermuseet.no\/garborgsenteret\/wp-json\/wp\/v2\/pages\/195\/revisions"}],"predecessor-version":[{"id":9409,"href":"https:\/\/www.jaermuseet.no\/garborgsenteret\/wp-json\/wp\/v2\/pages\/195\/revisions\/9409"}],"wp:attachment":[{"href":"https:\/\/www.jaermuseet.no\/garborgsenteret\/wp-json\/wp\/v2\/media?parent=195"}],"curies":[{"name":"wp","href":"https:\/\/api.w.org\/{rel}","templated":true}]}}