{"id":170,"date":"2016-06-07T16:30:59","date_gmt":"2016-06-07T14:30:59","guid":{"rendered":"https:\/\/www.jaermuseet.no\/?page_id=170"},"modified":"2025-08-18T11:25:55","modified_gmt":"2025-08-18T09:25:55","slug":"kontakt-oss","status":"publish","type":"page","link":"https:\/\/www.jaermuseet.no\/garborgsenteret\/kontakt-oss\/","title":{"rendered":"Kontakt"},"content":{"rendered":"<p>Telefon: 477 76 020<br \/>\n<a href=\"mailto:garborg@jaermuseet.no\">garborg@jaermuseet.no<\/a><\/p>\n<p>Garborgsenteret (sj\u00e5 kart)<br \/>\nHetlandsgata 11<br \/>\n4344 Bryne<\/p>\n<p><strong>Faktura til J\u00e6rmuseet avd. Garborgsenteret:<\/strong><\/p>\n<p>Send gjerne faktura elektronisk. Aller helst \u00f8nskjer me EHF-faktura til 971098767.<\/p>\n<p>Alternativt kan faktura sendast i pdf-format til\u00a0<a href=\"mailto:971098767@autoinvoice.no\">971098767@autoinvoice.no<\/a><\/p>\n<p><strong>\u00d8nsker du \u00e5 gje ei g\u00e5ve til museet?\u00a0<\/strong><\/p>\n<p><a href=\"https:\/\/www.jaermuseet.no\/blog\/gje-gave-til-museet\/\">Les meir om det her.\u00a0<\/a><\/p>\n<hr \/>\n<h2>TILSETTE<\/h2>\n\r\n<div class=\"employees\" style=\"display: grid; grid-template-columns: repeat(auto-fill, minmax(250px, 1fr)); gap: 1.5rem;\">\r\n                    <div class=\"employee\">\r\n                            <img loading=\"lazy\" decoding=\"async\" width=\"400\" height=\"350\" src=\"https:\/\/www.jaermuseet.no\/garborgsenteret\/wp-content\/uploads\/sites\/2\/2017\/05\/Inger-2-400x350.jpg\" class=\"employee-image wp-post-image\" alt=\"Inger Undheim\" srcset=\"https:\/\/www.jaermuseet.no\/garborgsenteret\/wp-content\/uploads\/sites\/2\/2017\/05\/Inger-2-400x350.jpg 400w, https:\/\/www.jaermuseet.no\/garborgsenteret\/wp-content\/uploads\/sites\/2\/2017\/05\/Inger-2-400x350-300x263.jpg 300w, https:\/\/www.jaermuseet.no\/garborgsenteret\/wp-content\/uploads\/sites\/2\/2017\/05\/Inger-2-400x350-250x219.jpg 250w\" sizes=\"auto, (max-width: 400px) 100vw, 400px\" \/>            \r\n            <h3 class=\"employee-name\">Inger Undheim<\/h3>\r\n\r\n                            <p class=\"employee-position\">Avdelingsdirekt\u00f8r\/nordist<\/p>\r\n            \r\n            \r\n                            <img decoding=\"async\" class=\"employee-icons\" src=\"https:\/\/www.jaermuseet.no\/garborgsenteret\/wp-content\/plugins\/hcal-employees\/templates\/..\/assets\/icons\/employees-icons.png\" alt=\"Ikoner\">\r\n                <p class=\"employee-phone\">\r\n                    <a href=\"&#x74;&#101;&#108;&#x3a;9&#55;&#x35;&#x33;&#x32;&#53;&#x32;&#57;\">975 32 529<\/a>                                    <\/p>\r\n            \r\n                            <p class=\"employee-email\"><a href=\"m&#97;il&#116;o&#x3a;&#x69;&#110;&#x75;&#64;&#x6a;&#x61;&#101;&#x72;&#109;&#117;&#x73;&#x65;&#x65;&#x74;.n&#111;\">&#x69;&#110;&#x75;&#64;&#x6a;&#x61;&#101;&#x72;&#109;&#117;&#x73;&#x65;&#x65;&#x74;.n&#111;<\/a><\/p>\r\n                    <\/div>\r\n                    <div class=\"employee\">\r\n                            <img loading=\"lazy\" decoding=\"async\" width=\"400\" height=\"350\" src=\"https:\/\/www.jaermuseet.no\/garborgsenteret\/wp-content\/uploads\/sites\/2\/2017\/05\/Gunhild-400x350.jpg\" class=\"employee-image wp-post-image\" alt=\"Gunhild Hammeraas\" srcset=\"https:\/\/www.jaermuseet.no\/garborgsenteret\/wp-content\/uploads\/sites\/2\/2017\/05\/Gunhild-400x350.jpg 400w, https:\/\/www.jaermuseet.no\/garborgsenteret\/wp-content\/uploads\/sites\/2\/2017\/05\/Gunhild-400x350-300x263.jpg 300w, https:\/\/www.jaermuseet.no\/garborgsenteret\/wp-content\/uploads\/sites\/2\/2017\/05\/Gunhild-400x350-250x219.jpg 250w\" sizes=\"auto, (max-width: 400px) 100vw, 400px\" \/>            \r\n            <h3 class=\"employee-name\">Gunhild Hammeraas<\/h3>\r\n\r\n                            <p class=\"employee-position\">Utstillingsleiar\/kulturvitar<\/p>\r\n            \r\n            \r\n                            <img decoding=\"async\" class=\"employee-icons\" src=\"https:\/\/www.jaermuseet.no\/garborgsenteret\/wp-content\/plugins\/hcal-employees\/templates\/..\/assets\/icons\/employees-icons.png\" alt=\"Ikoner\">\r\n                <p class=\"employee-phone\">\r\n                    <a href=\"&#116;&#101;&#108;&#58;&#57;&#48;4&#x37;&#53;&#54;&#x35;&#x36;\">904 75 656<\/a>                                    <\/p>\r\n            \r\n                            <p class=\"employee-email\"><a href=\"&#x6d;&#97;i&#x6c;to&#58;&#103;u&#x68;&#x40;j&#97;&#x65;r&#109;u&#x73;&#x65;&#x65;&#116;&#x2e;&#110;o\">&#103;u&#x68;&#x40;j&#97;&#x65;r&#109;u&#x73;&#x65;&#x65;&#116;&#x2e;&#110;o<\/a><\/p>\r\n                    <\/div>\r\n                    <div class=\"employee\">\r\n                            <img loading=\"lazy\" decoding=\"async\" width=\"400\" height=\"350\" src=\"https:\/\/www.jaermuseet.no\/garborgsenteret\/wp-content\/uploads\/sites\/2\/2017\/05\/\u00d8rjan-400x350.jpg\" class=\"employee-image wp-post-image\" alt=\"\u00d8rjan Zazzera Johansen\" srcset=\"https:\/\/www.jaermuseet.no\/garborgsenteret\/wp-content\/uploads\/sites\/2\/2017\/05\/\u00d8rjan-400x350.jpg 400w, https:\/\/www.jaermuseet.no\/garborgsenteret\/wp-content\/uploads\/sites\/2\/2017\/05\/\u00d8rjan-400x350-300x263.jpg 300w, https:\/\/www.jaermuseet.no\/garborgsenteret\/wp-content\/uploads\/sites\/2\/2017\/05\/\u00d8rjan-400x350-250x219.jpg 250w\" sizes=\"auto, (max-width: 400px) 100vw, 400px\" \/>            \r\n            <h3 class=\"employee-name\">\u00d8rjan Zazzera Johansen<\/h3>\r\n\r\n                            <p class=\"employee-position\">Formidlar og informasjonsansvarleg\/lesevitar<\/p>\r\n            \r\n            \r\n                            <img decoding=\"async\" class=\"employee-icons\" src=\"https:\/\/www.jaermuseet.no\/garborgsenteret\/wp-content\/plugins\/hcal-employees\/templates\/..\/assets\/icons\/employees-icons.png\" alt=\"Ikoner\">\r\n                <p class=\"employee-phone\">\r\n                    <a href=\"&#116;&#x65;&#108;&#58;9&#57;&#x30;&#48;34&#x38;&#51;\">990 03 483<\/a>                                    <\/p>\r\n            \r\n                            <p class=\"employee-email\"><a href=\"ma&#105;l&#116;o&#58;&#x6f;e&#x6a;&#x40;jae&#x72;&#109;&#x75;&#x73;ee&#x74;.&#x6e;&#x6f;\">&#x6f;e&#x6a;&#x40;jae&#x72;&#109;&#x75;&#x73;ee&#x74;.&#x6e;&#x6f;<\/a><\/p>\r\n                    <\/div>\r\n                    <div class=\"employee\">\r\n                            <img loading=\"lazy\" decoding=\"async\" width=\"400\" height=\"350\" src=\"https:\/\/www.jaermuseet.no\/garborgsenteret\/wp-content\/uploads\/sites\/2\/2020\/04\/Stian2-400x350.jpg\" class=\"employee-image wp-post-image\" alt=\"\" \/>            \r\n            <h3 class=\"employee-name\">Stian Ravndal<\/h3>\r\n\r\n                            <p class=\"employee-position\">Museumspedagog<\/p>\r\n            \r\n            \r\n                            <img decoding=\"async\" class=\"employee-icons\" src=\"https:\/\/www.jaermuseet.no\/garborgsenteret\/wp-content\/plugins\/hcal-employees\/templates\/..\/assets\/icons\/employees-icons.png\" alt=\"Ikoner\">\r\n                <p class=\"employee-phone\">\r\n                    <a href=\"&#x74;&#x65;l&#x3a;&#x34;1&#52;50830\">414 50 830<\/a>                                    <\/p>\r\n            \r\n                            <p class=\"employee-email\"><a href=\"&#109;&#97;&#x69;&#x6c;&#116;o&#x3a;&#x73;&#114;&#97;&#x40;&#106;&#x61;&#x65;r&#109;&#x75;&#x73;&#x65;e&#x74;&#x2e;&#110;&#x6f;\">&#x73;&#114;&#97;&#x40;&#106;&#x61;&#x65;r&#109;&#x75;&#x73;&#x65;e&#x74;&#x2e;&#110;&#x6f;<\/a><\/p>\r\n                    <\/div>\r\n                    <div class=\"employee\">\r\n                            <img loading=\"lazy\" decoding=\"async\" width=\"400\" height=\"350\" src=\"https:\/\/www.jaermuseet.no\/garborgsenteret\/wp-content\/uploads\/sites\/2\/2020\/04\/Emilie2-400x350.jpg\" class=\"employee-image wp-post-image\" alt=\"\" \/>            \r\n            <h3 class=\"employee-name\">Emilie Amdal Gjesteland<\/h3>\r\n\r\n                            <p class=\"employee-position\">Resepsjon- og museumsbutikkansvarleg<\/p>\r\n            \r\n            \r\n                            <img decoding=\"async\" class=\"employee-icons\" src=\"https:\/\/www.jaermuseet.no\/garborgsenteret\/wp-content\/plugins\/hcal-employees\/templates\/..\/assets\/icons\/employees-icons.png\" alt=\"Ikoner\">\r\n                <p class=\"employee-phone\">\r\n                    <a href=\"&#116;&#101;l:4&#x30;4&#x33;&#53;&#x34;&#x32;&#48;\">404 35 420<\/a>                                    <\/p>\r\n            \r\n                            <p class=\"employee-email\"><a href=\"&#x6d;&#x61;&#x69;&#x6c;to&#x3a;&#101;a&#103;&#x40;&#106;&#x61;&#101;&#114;m&#117;s&#101;e&#116;&#46;no\">&#101;a&#103;&#x40;&#106;&#x61;&#101;&#114;m&#117;s&#101;e&#116;&#46;no<\/a><\/p>\r\n                    <\/div>\r\n                    <div class=\"employee\">\r\n                            <img loading=\"lazy\" decoding=\"async\" width=\"400\" height=\"350\" src=\"https:\/\/www.jaermuseet.no\/garborgsenteret\/wp-content\/uploads\/sites\/2\/2025\/08\/blank-profile-picture-973460-400x350.png\" class=\"employee-image wp-post-image\" alt=\"\" \/>            \r\n            <h3 class=\"employee-name\">Emil W\u00f8ien Wern\u00f8e<\/h3>\r\n\r\n                            <p class=\"employee-position\">aspirant<\/p>\r\n            \r\n            \r\n                            <img decoding=\"async\" class=\"employee-icons\" src=\"https:\/\/www.jaermuseet.no\/garborgsenteret\/wp-content\/plugins\/hcal-employees\/templates\/..\/assets\/icons\/employees-icons.png\" alt=\"Ikoner\">\r\n                <p class=\"employee-phone\">\r\n                    <a href=\"te&#x6c;&#x3a;&#52;77&#x37;&#x36;&#x30;&#x32;&#x30;\">47 77 60 20<\/a>                                    <\/p>\r\n            \r\n                            <p class=\"employee-email\"><a href=\"&#109;&#97;&#105;&#108;to:&#101;w&#x77;&#64;&#x6a;&#97;&#101;&#114;&#109;&#x75;see&#x74;&#46;&#110;o\">&#101;w&#x77;&#64;&#x6a;&#97;&#101;&#114;&#109;&#x75;see&#x74;&#46;&#110;o<\/a><\/p>\r\n                    <\/div>\r\n    <\/div>\n","protected":false},"excerpt":{"rendered":"<p>Telefon: 477 76 020 garborg@jaermuseet.no Garborgsenteret (sj\u00e5 kart) Hetlandsgata 11&#8230;<\/p>\n","protected":false},"author":1,"featured_media":257,"parent":0,"menu_order":0,"comment_status":"closed","ping_status":"closed","template":"","meta":{"_acf_changed":false,"footnotes":""},"class_list":["post-170","page","type-page","status-publish","has-post-thumbnail","hentry"],"acf":[],"yoast_head":"<!-- This site is optimized with the Yoast SEO plugin v27.4 - https:\/\/yoast.com\/product\/yoast-seo-wordpress\/ -->\n<title>Kontakt - Garborgsenteret<\/title>\n<meta name=\"robots\" content=\"index, follow, max-snippet:-1, max-image-preview:large, max-video-preview:-1\" \/>\n<link rel=\"canonical\" href=\"https:\/\/www.jaermuseet.no\/garborgsenteret\/kontakt-oss\/\" \/>\n<meta property=\"og:locale\" content=\"nn_NO\" \/>\n<meta property=\"og:type\" content=\"article\" \/>\n<meta property=\"og:title\" content=\"Kontakt - Garborgsenteret\" \/>\n<meta property=\"og:description\" content=\"Telefon: 477 76 020 garborg@jaermuseet.no Garborgsenteret (sj\u00e5 kart) Hetlandsgata 11...\" \/>\n<meta property=\"og:url\" content=\"https:\/\/www.jaermuseet.no\/garborgsenteret\/kontakt-oss\/\" \/>\n<meta property=\"og:site_name\" content=\"Garborgsenteret\" \/>\n<meta property=\"article:modified_time\" content=\"2025-08-18T09:25:55+00:00\" \/>\n<meta property=\"og:image\" content=\"https:\/\/www.jaermuseet.no\/garborgsenteret\/wp-content\/uploads\/sites\/2\/2015\/01\/fasade-garborgsenteret-.jpg\" \/>\n\t<meta property=\"og:image:width\" content=\"1200\" \/>\n\t<meta property=\"og:image:height\" content=\"460\" \/>\n\t<meta property=\"og:image:type\" content=\"image\/jpeg\" \/>\n<meta name=\"twitter:card\" content=\"summary_large_image\" \/>\n<meta name=\"twitter:label1\" content=\"Est. reading time\" \/>\n\t<meta name=\"twitter:data1\" content=\"1 minutt\" \/>\n<script type=\"application\/ld+json\" class=\"yoast-schema-graph\">{\"@context\":\"https:\\\/\\\/schema.org\",\"@graph\":[{\"@type\":\"WebPage\",\"@id\":\"https:\\\/\\\/www.jaermuseet.no\\\/garborgsenteret\\\/kontakt-oss\\\/\",\"url\":\"https:\\\/\\\/www.jaermuseet.no\\\/garborgsenteret\\\/kontakt-oss\\\/\",\"name\":\"Kontakt - Garborgsenteret\",\"isPartOf\":{\"@id\":\"https:\\\/\\\/www.jaermuseet.no\\\/garborgsenteret\\\/#website\"},\"primaryImageOfPage\":{\"@id\":\"https:\\\/\\\/www.jaermuseet.no\\\/garborgsenteret\\\/kontakt-oss\\\/#primaryimage\"},\"image\":{\"@id\":\"https:\\\/\\\/www.jaermuseet.no\\\/garborgsenteret\\\/kontakt-oss\\\/#primaryimage\"},\"thumbnailUrl\":\"https:\\\/\\\/www.jaermuseet.no\\\/garborgsenteret\\\/wp-content\\\/uploads\\\/sites\\\/2\\\/2015\\\/01\\\/fasade-garborgsenteret-.jpg\",\"datePublished\":\"2016-06-07T14:30:59+00:00\",\"dateModified\":\"2025-08-18T09:25:55+00:00\",\"breadcrumb\":{\"@id\":\"https:\\\/\\\/www.jaermuseet.no\\\/garborgsenteret\\\/kontakt-oss\\\/#breadcrumb\"},\"inLanguage\":\"nn-NO\",\"potentialAction\":[{\"@type\":\"ReadAction\",\"target\":[\"https:\\\/\\\/www.jaermuseet.no\\\/garborgsenteret\\\/kontakt-oss\\\/\"]}]},{\"@type\":\"ImageObject\",\"inLanguage\":\"nn-NO\",\"@id\":\"https:\\\/\\\/www.jaermuseet.no\\\/garborgsenteret\\\/kontakt-oss\\\/#primaryimage\",\"url\":\"https:\\\/\\\/www.jaermuseet.no\\\/garborgsenteret\\\/wp-content\\\/uploads\\\/sites\\\/2\\\/2015\\\/01\\\/fasade-garborgsenteret-.jpg\",\"contentUrl\":\"https:\\\/\\\/www.jaermuseet.no\\\/garborgsenteret\\\/wp-content\\\/uploads\\\/sites\\\/2\\\/2015\\\/01\\\/fasade-garborgsenteret-.jpg\",\"width\":1200,\"height\":460},{\"@type\":\"BreadcrumbList\",\"@id\":\"https:\\\/\\\/www.jaermuseet.no\\\/garborgsenteret\\\/kontakt-oss\\\/#breadcrumb\",\"itemListElement\":[{\"@type\":\"ListItem\",\"position\":1,\"name\":\"Hjem\",\"item\":\"https:\\\/\\\/www.jaermuseet.no\\\/garborgsenteret\\\/\"},{\"@type\":\"ListItem\",\"position\":2,\"name\":\"Kontakt\"}]},{\"@type\":\"WebSite\",\"@id\":\"https:\\\/\\\/www.jaermuseet.no\\\/garborgsenteret\\\/#website\",\"url\":\"https:\\\/\\\/www.jaermuseet.no\\\/garborgsenteret\\\/\",\"name\":\"Garborgsenteret\",\"description\":\"A national arena to promote the interest for authors Arne and Hulda Garborg\",\"potentialAction\":[{\"@type\":\"SearchAction\",\"target\":{\"@type\":\"EntryPoint\",\"urlTemplate\":\"https:\\\/\\\/www.jaermuseet.no\\\/garborgsenteret\\\/?s={search_term_string}\"},\"query-input\":{\"@type\":\"PropertyValueSpecification\",\"valueRequired\":true,\"valueName\":\"search_term_string\"}}],\"inLanguage\":\"nn-NO\"}]}<\/script>\n<!-- \/ Yoast SEO plugin. -->","yoast_head_json":{"title":"Kontakt - Garborgsenteret","robots":{"index":"index","follow":"follow","max-snippet":"max-snippet:-1","max-image-preview":"max-image-preview:large","max-video-preview":"max-video-preview:-1"},"canonical":"https:\/\/www.jaermuseet.no\/garborgsenteret\/kontakt-oss\/","og_locale":"nn_NO","og_type":"article","og_title":"Kontakt - Garborgsenteret","og_description":"Telefon: 477 76 020 garborg@jaermuseet.no Garborgsenteret (sj\u00e5 kart) Hetlandsgata 11...","og_url":"https:\/\/www.jaermuseet.no\/garborgsenteret\/kontakt-oss\/","og_site_name":"Garborgsenteret","article_modified_time":"2025-08-18T09:25:55+00:00","og_image":[{"width":1200,"height":460,"url":"https:\/\/www.jaermuseet.no\/garborgsenteret\/wp-content\/uploads\/sites\/2\/2015\/01\/fasade-garborgsenteret-.jpg","type":"image\/jpeg"}],"twitter_card":"summary_large_image","twitter_misc":{"Est. reading time":"1 minutt"},"schema":{"@context":"https:\/\/schema.org","@graph":[{"@type":"WebPage","@id":"https:\/\/www.jaermuseet.no\/garborgsenteret\/kontakt-oss\/","url":"https:\/\/www.jaermuseet.no\/garborgsenteret\/kontakt-oss\/","name":"Kontakt - Garborgsenteret","isPartOf":{"@id":"https:\/\/www.jaermuseet.no\/garborgsenteret\/#website"},"primaryImageOfPage":{"@id":"https:\/\/www.jaermuseet.no\/garborgsenteret\/kontakt-oss\/#primaryimage"},"image":{"@id":"https:\/\/www.jaermuseet.no\/garborgsenteret\/kontakt-oss\/#primaryimage"},"thumbnailUrl":"https:\/\/www.jaermuseet.no\/garborgsenteret\/wp-content\/uploads\/sites\/2\/2015\/01\/fasade-garborgsenteret-.jpg","datePublished":"2016-06-07T14:30:59+00:00","dateModified":"2025-08-18T09:25:55+00:00","breadcrumb":{"@id":"https:\/\/www.jaermuseet.no\/garborgsenteret\/kontakt-oss\/#breadcrumb"},"inLanguage":"nn-NO","potentialAction":[{"@type":"ReadAction","target":["https:\/\/www.jaermuseet.no\/garborgsenteret\/kontakt-oss\/"]}]},{"@type":"ImageObject","inLanguage":"nn-NO","@id":"https:\/\/www.jaermuseet.no\/garborgsenteret\/kontakt-oss\/#primaryimage","url":"https:\/\/www.jaermuseet.no\/garborgsenteret\/wp-content\/uploads\/sites\/2\/2015\/01\/fasade-garborgsenteret-.jpg","contentUrl":"https:\/\/www.jaermuseet.no\/garborgsenteret\/wp-content\/uploads\/sites\/2\/2015\/01\/fasade-garborgsenteret-.jpg","width":1200,"height":460},{"@type":"BreadcrumbList","@id":"https:\/\/www.jaermuseet.no\/garborgsenteret\/kontakt-oss\/#breadcrumb","itemListElement":[{"@type":"ListItem","position":1,"name":"Hjem","item":"https:\/\/www.jaermuseet.no\/garborgsenteret\/"},{"@type":"ListItem","position":2,"name":"Kontakt"}]},{"@type":"WebSite","@id":"https:\/\/www.jaermuseet.no\/garborgsenteret\/#website","url":"https:\/\/www.jaermuseet.no\/garborgsenteret\/","name":"Garborgsenteret","description":"A national arena to promote the interest for authors Arne and Hulda Garborg","potentialAction":[{"@type":"SearchAction","target":{"@type":"EntryPoint","urlTemplate":"https:\/\/www.jaermuseet.no\/garborgsenteret\/?s={search_term_string}"},"query-input":{"@type":"PropertyValueSpecification","valueRequired":true,"valueName":"search_term_string"}}],"inLanguage":"nn-NO"}]}},"jetpack_sharing_enabled":false,"_links":{"self":[{"href":"https:\/\/www.jaermuseet.no\/garborgsenteret\/wp-json\/wp\/v2\/pages\/170","targetHints":{"allow":["GET"]}}],"collection":[{"href":"https:\/\/www.jaermuseet.no\/garborgsenteret\/wp-json\/wp\/v2\/pages"}],"about":[{"href":"https:\/\/www.jaermuseet.no\/garborgsenteret\/wp-json\/wp\/v2\/types\/page"}],"author":[{"embeddable":true,"href":"https:\/\/www.jaermuseet.no\/garborgsenteret\/wp-json\/wp\/v2\/users\/1"}],"replies":[{"embeddable":true,"href":"https:\/\/www.jaermuseet.no\/garborgsenteret\/wp-json\/wp\/v2\/comments?post=170"}],"version-history":[{"count":7,"href":"https:\/\/www.jaermuseet.no\/garborgsenteret\/wp-json\/wp\/v2\/pages\/170\/revisions"}],"predecessor-version":[{"id":13998,"href":"https:\/\/www.jaermuseet.no\/garborgsenteret\/wp-json\/wp\/v2\/pages\/170\/revisions\/13998"}],"wp:featuredmedia":[{"embeddable":true,"href":"https:\/\/www.jaermuseet.no\/garborgsenteret\/wp-json\/wp\/v2\/media\/257"}],"wp:attachment":[{"href":"https:\/\/www.jaermuseet.no\/garborgsenteret\/wp-json\/wp\/v2\/media?parent=170"}],"curies":[{"name":"wp","href":"https:\/\/api.w.org\/{rel}","templated":true}]}}