{"id":1529,"date":"2015-09-22T11:08:46","date_gmt":"2015-09-22T09:08:46","guid":{"rendered":"https:\/\/www.jaermuseet.no\/garborgsenteret\/?page_id=1529"},"modified":"2022-06-27T09:48:25","modified_gmt":"2022-06-27T07:48:25","slug":"bygget","status":"publish","type":"page","link":"https:\/\/www.jaermuseet.no\/garborgsenteret\/bygget\/","title":{"rendered":"Bygget"},"content":{"rendered":"<p>Id\u00e9en om etableringa av eit Nasjonalt Garborgsenter spring ut av 150-\u00e5rsjubileet for Arne Garborg sin f\u00f8dsel, Garborg-\u00e5ret 2001. I etterkant av jubil\u00e9et tok Time M\u00e5llag initiativ til ei utgreiing av ideen om eit Garborgsenter. Ei arbeidsgruppe leia av Tarald Oma, d\u00e5verande leiar i Time M\u00e5llag, la i 2004 fram forprosjektet &#8220;Nasjonalt Garborgsenter p\u00e5 Bryne &#8211; for lesing og litteratur&#8221;. Dette f\u00f8rte til at det blei sett ned ei styringsgruppe.<\/p>\n<div class=\"tiled-gallery type-rectangular tiled-gallery-unresized\" data-original-width=\"500\" data-carousel-extra='null' itemscope itemtype=\"http:\/\/schema.org\/ImageGallery\" > <div class=\"gallery-row\" style=\"width: 500px; height: 224px;\" data-original-width=\"500\" data-original-height=\"224\" > <div class=\"gallery-group images-1\" style=\"width: 334px; height: 224px;\" data-original-width=\"334\" data-original-height=\"224\" > <div class=\"tiled-gallery-item tiled-gallery-item-large\" itemprop=\"associatedMedia\" itemscope itemtype=\"http:\/\/schema.org\/ImageObject\"> <a href=\"https:\/\/www.jaermuseet.no\/garborgsenteret\/garb_senteret_13-jpg-2\/\" border=\"0\" itemprop=\"url\"> <meta itemprop=\"width\" content=\"330\"> <meta itemprop=\"height\" content=\"220\"> <img decoding=\"async\" class=\"\" data-attachment-id=\"552\" data-orig-file=\"https:\/\/www.jaermuseet.no\/garborgsenteret\/wp-content\/uploads\/sites\/2\/2012\/03\/Garb_senteret_133.jpg\" data-orig-size=\"664,442\" data-comments-opened=\"1\" data-image-meta=\"{&quot;aperture&quot;:&quot;8&quot;,&quot;credit&quot;:&quot;&quot;,&quot;camera&quot;:&quot;NIKON D700&quot;,&quot;caption&quot;:&quot;&quot;,&quot;created_timestamp&quot;:&quot;1332093534&quot;,&quot;copyright&quot;:&quot;ASLE HAUKLAND&quot;,&quot;focal_length&quot;:&quot;17&quot;,&quot;iso&quot;:&quot;100&quot;,&quot;shutter_speed&quot;:&quot;0.0125&quot;,&quot;title&quot;:&quot;&quot;,&quot;orientation&quot;:&quot;1&quot;}\" data-image-title=\"Garb_senteret_13.jpg\" data-image-description=\"&lt;p&gt;bygget, asle haukland&lt;\/p&gt; \" data-medium-file=\"https:\/\/www.jaermuseet.no\/garborgsenteret\/wp-content\/uploads\/sites\/2\/2012\/03\/Garb_senteret_133-300x200.jpg\" data-large-file=\"https:\/\/www.jaermuseet.no\/garborgsenteret\/wp-content\/uploads\/sites\/2\/2012\/03\/Garb_senteret_133.jpg\" src=\"https:\/\/i0.wp.com\/www.jaermuseet.no\/garborgsenteret\/wp-content\/uploads\/sites\/2\/2012\/03\/Garb_senteret_133.jpg?w=330&#038;h=220&#038;ssl=1\" srcset=\"https:\/\/www.jaermuseet.no\/garborgsenteret\/wp-content\/uploads\/sites\/2\/2012\/03\/Garb_senteret_133.jpg 664w, https:\/\/www.jaermuseet.no\/garborgsenteret\/wp-content\/uploads\/sites\/2\/2012\/03\/Garb_senteret_133-300x200.jpg 300w, https:\/\/www.jaermuseet.no\/garborgsenteret\/wp-content\/uploads\/sites\/2\/2012\/03\/Garb_senteret_133-250x166.jpg 250w, https:\/\/www.jaermuseet.no\/garborgsenteret\/wp-content\/uploads\/sites\/2\/2012\/03\/Garb_senteret_133-150x100.jpg 150w\" width=\"330\" height=\"220\" loading=\"lazy\" data-original-width=\"330\" data-original-height=\"220\" itemprop=\"http:\/\/schema.org\/image\" title=\"Garb_senteret_13.jpg\" alt=\"Garb_senteret_13.jpg\" style=\"width: 330px; height: 220px;\" \/> <\/a> <\/div> <\/div> <!-- close group --> <div class=\"gallery-group images-2\" style=\"width: 166px; height: 224px;\" data-original-width=\"166\" data-original-height=\"224\" > <div class=\"tiled-gallery-item tiled-gallery-item-small\" itemprop=\"associatedMedia\" itemscope itemtype=\"http:\/\/schema.org\/ImageObject\"> <a href=\"https:\/\/www.jaermuseet.no\/garborgsenteret\/garb_senteret_15-jpg\/\" border=\"0\" itemprop=\"url\"> <meta itemprop=\"width\" content=\"162\"> <meta itemprop=\"height\" content=\"108\"> <img decoding=\"async\" class=\"\" data-attachment-id=\"553\" data-orig-file=\"https:\/\/www.jaermuseet.no\/garborgsenteret\/wp-content\/uploads\/sites\/2\/2012\/03\/Garb_senteret_151.jpg\" data-orig-size=\"664,442\" data-comments-opened=\"1\" data-image-meta=\"{&quot;aperture&quot;:&quot;8&quot;,&quot;credit&quot;:&quot;&quot;,&quot;camera&quot;:&quot;NIKON D700&quot;,&quot;caption&quot;:&quot;&quot;,&quot;created_timestamp&quot;:&quot;1332093770&quot;,&quot;copyright&quot;:&quot;ASLE HAUKLAND&quot;,&quot;focal_length&quot;:&quot;14&quot;,&quot;iso&quot;:&quot;100&quot;,&quot;shutter_speed&quot;:&quot;0.004&quot;,&quot;title&quot;:&quot;&quot;,&quot;orientation&quot;:&quot;1&quot;}\" data-image-title=\"Garb_senteret_15.jpg\" data-image-description=\"&lt;p&gt;bygget, asle haukland&lt;\/p&gt; \" data-medium-file=\"https:\/\/www.jaermuseet.no\/garborgsenteret\/wp-content\/uploads\/sites\/2\/2012\/03\/Garb_senteret_151-300x200.jpg\" data-large-file=\"https:\/\/www.jaermuseet.no\/garborgsenteret\/wp-content\/uploads\/sites\/2\/2012\/03\/Garb_senteret_151.jpg\" src=\"https:\/\/i0.wp.com\/www.jaermuseet.no\/garborgsenteret\/wp-content\/uploads\/sites\/2\/2012\/03\/Garb_senteret_151.jpg?w=162&#038;h=108&#038;ssl=1\" srcset=\"https:\/\/www.jaermuseet.no\/garborgsenteret\/wp-content\/uploads\/sites\/2\/2012\/03\/Garb_senteret_151.jpg 664w, https:\/\/www.jaermuseet.no\/garborgsenteret\/wp-content\/uploads\/sites\/2\/2012\/03\/Garb_senteret_151-300x200.jpg 300w, https:\/\/www.jaermuseet.no\/garborgsenteret\/wp-content\/uploads\/sites\/2\/2012\/03\/Garb_senteret_151-250x166.jpg 250w, https:\/\/www.jaermuseet.no\/garborgsenteret\/wp-content\/uploads\/sites\/2\/2012\/03\/Garb_senteret_151-150x100.jpg 150w\" width=\"162\" height=\"108\" loading=\"lazy\" data-original-width=\"162\" data-original-height=\"108\" itemprop=\"http:\/\/schema.org\/image\" title=\"Garb_senteret_15.jpg\" alt=\"Garb_senteret_15.jpg\" style=\"width: 162px; height: 108px;\" \/> <\/a> <\/div> <div class=\"tiled-gallery-item tiled-gallery-item-small\" itemprop=\"associatedMedia\" itemscope itemtype=\"http:\/\/schema.org\/ImageObject\"> <a href=\"https:\/\/www.jaermuseet.no\/garborgsenteret\/garb_senteret_17-jpg\/\" border=\"0\" itemprop=\"url\"> <meta itemprop=\"width\" content=\"162\"> <meta itemprop=\"height\" content=\"108\"> <img decoding=\"async\" class=\"\" data-attachment-id=\"554\" data-orig-file=\"https:\/\/www.jaermuseet.no\/garborgsenteret\/wp-content\/uploads\/sites\/2\/2012\/03\/Garb_senteret_171.jpg\" data-orig-size=\"664,442\" data-comments-opened=\"1\" data-image-meta=\"{&quot;aperture&quot;:&quot;8&quot;,&quot;credit&quot;:&quot;&quot;,&quot;camera&quot;:&quot;NIKON D700&quot;,&quot;caption&quot;:&quot;&quot;,&quot;created_timestamp&quot;:&quot;1332094006&quot;,&quot;copyright&quot;:&quot;ASLE HAUKLAND&quot;,&quot;focal_length&quot;:&quot;14&quot;,&quot;iso&quot;:&quot;100&quot;,&quot;shutter_speed&quot;:&quot;0.02&quot;,&quot;title&quot;:&quot;&quot;,&quot;orientation&quot;:&quot;1&quot;}\" data-image-title=\"Garb_senteret_17.jpg\" data-image-description=\"&lt;p&gt;bygget, asle haukland&lt;\/p&gt; \" data-medium-file=\"https:\/\/www.jaermuseet.no\/garborgsenteret\/wp-content\/uploads\/sites\/2\/2012\/03\/Garb_senteret_171-300x200.jpg\" data-large-file=\"https:\/\/www.jaermuseet.no\/garborgsenteret\/wp-content\/uploads\/sites\/2\/2012\/03\/Garb_senteret_171.jpg\" src=\"https:\/\/i0.wp.com\/www.jaermuseet.no\/garborgsenteret\/wp-content\/uploads\/sites\/2\/2012\/03\/Garb_senteret_171.jpg?w=162&#038;h=108&#038;ssl=1\" srcset=\"https:\/\/www.jaermuseet.no\/garborgsenteret\/wp-content\/uploads\/sites\/2\/2012\/03\/Garb_senteret_171.jpg 664w, https:\/\/www.jaermuseet.no\/garborgsenteret\/wp-content\/uploads\/sites\/2\/2012\/03\/Garb_senteret_171-300x200.jpg 300w, https:\/\/www.jaermuseet.no\/garborgsenteret\/wp-content\/uploads\/sites\/2\/2012\/03\/Garb_senteret_171-250x166.jpg 250w, https:\/\/www.jaermuseet.no\/garborgsenteret\/wp-content\/uploads\/sites\/2\/2012\/03\/Garb_senteret_171-150x100.jpg 150w\" width=\"162\" height=\"108\" loading=\"lazy\" data-original-width=\"162\" data-original-height=\"108\" itemprop=\"http:\/\/schema.org\/image\" title=\"Garb_senteret_17.jpg\" alt=\"Garb_senteret_17.jpg\" style=\"width: 162px; height: 108px;\" \/> <\/a> <\/div> <\/div> <!-- close group --> <\/div> <!-- close row --> <div class=\"gallery-row\" style=\"width: 500px; height: 168px;\" data-original-width=\"500\" data-original-height=\"168\" > <div class=\"gallery-group images-1\" style=\"width: 250px; height: 168px;\" data-original-width=\"250\" data-original-height=\"168\" > <div class=\"tiled-gallery-item tiled-gallery-item-small\" itemprop=\"associatedMedia\" itemscope itemtype=\"http:\/\/schema.org\/ImageObject\"> <a href=\"https:\/\/www.jaermuseet.no\/garborgsenteret\/garb_senteret_18-jpg\/\" border=\"0\" itemprop=\"url\"> <meta itemprop=\"width\" content=\"246\"> <meta itemprop=\"height\" content=\"164\"> <img decoding=\"async\" class=\"\" data-attachment-id=\"555\" data-orig-file=\"https:\/\/www.jaermuseet.no\/garborgsenteret\/wp-content\/uploads\/sites\/2\/2012\/03\/Garb_senteret_181.jpg\" data-orig-size=\"664,442\" data-comments-opened=\"1\" data-image-meta=\"{&quot;aperture&quot;:&quot;6.3&quot;,&quot;credit&quot;:&quot;&quot;,&quot;camera&quot;:&quot;NIKON D700&quot;,&quot;caption&quot;:&quot;&quot;,&quot;created_timestamp&quot;:&quot;1332269390&quot;,&quot;copyright&quot;:&quot;ASLE HAUKLAND&quot;,&quot;focal_length&quot;:&quot;17&quot;,&quot;iso&quot;:&quot;800&quot;,&quot;shutter_speed&quot;:&quot;0.025&quot;,&quot;title&quot;:&quot;&quot;,&quot;orientation&quot;:&quot;1&quot;}\" data-image-title=\"Garb_senteret_18.jpg\" data-image-description=\"&lt;p&gt;bygget, asle haukland&lt;\/p&gt; \" data-medium-file=\"https:\/\/www.jaermuseet.no\/garborgsenteret\/wp-content\/uploads\/sites\/2\/2012\/03\/Garb_senteret_181-300x200.jpg\" data-large-file=\"https:\/\/www.jaermuseet.no\/garborgsenteret\/wp-content\/uploads\/sites\/2\/2012\/03\/Garb_senteret_181.jpg\" src=\"https:\/\/i0.wp.com\/www.jaermuseet.no\/garborgsenteret\/wp-content\/uploads\/sites\/2\/2012\/03\/Garb_senteret_181.jpg?w=246&#038;h=164&#038;ssl=1\" srcset=\"https:\/\/www.jaermuseet.no\/garborgsenteret\/wp-content\/uploads\/sites\/2\/2012\/03\/Garb_senteret_181.jpg 664w, https:\/\/www.jaermuseet.no\/garborgsenteret\/wp-content\/uploads\/sites\/2\/2012\/03\/Garb_senteret_181-300x200.jpg 300w, https:\/\/www.jaermuseet.no\/garborgsenteret\/wp-content\/uploads\/sites\/2\/2012\/03\/Garb_senteret_181-250x166.jpg 250w, https:\/\/www.jaermuseet.no\/garborgsenteret\/wp-content\/uploads\/sites\/2\/2012\/03\/Garb_senteret_181-150x100.jpg 150w\" width=\"246\" height=\"164\" loading=\"lazy\" data-original-width=\"246\" data-original-height=\"164\" itemprop=\"http:\/\/schema.org\/image\" title=\"Garb_senteret_18.jpg\" alt=\"Garb_senteret_18.jpg\" style=\"width: 246px; height: 164px;\" \/> <\/a> <\/div> <\/div> <!-- close group --> <div class=\"gallery-group images-1\" style=\"width: 250px; height: 168px;\" data-original-width=\"250\" data-original-height=\"168\" > <div class=\"tiled-gallery-item tiled-gallery-item-small\" itemprop=\"associatedMedia\" itemscope itemtype=\"http:\/\/schema.org\/ImageObject\"> <a href=\"https:\/\/www.jaermuseet.no\/garborgsenteret\/garb_senteret_19-jpg\/\" border=\"0\" itemprop=\"url\"> <meta itemprop=\"width\" content=\"246\"> <meta itemprop=\"height\" content=\"164\"> <img decoding=\"async\" class=\"\" data-attachment-id=\"522\" data-orig-file=\"https:\/\/www.jaermuseet.no\/garborgsenteret\/wp-content\/uploads\/sites\/2\/2012\/03\/Garb_senteret_191.jpg\" data-orig-size=\"664,442\" data-comments-opened=\"1\" data-image-meta=\"{&quot;aperture&quot;:&quot;6.3&quot;,&quot;credit&quot;:&quot;&quot;,&quot;camera&quot;:&quot;NIKON D700&quot;,&quot;caption&quot;:&quot;&quot;,&quot;created_timestamp&quot;:&quot;1332269448&quot;,&quot;copyright&quot;:&quot;ASLE HAUKLAND&quot;,&quot;focal_length&quot;:&quot;14&quot;,&quot;iso&quot;:&quot;800&quot;,&quot;shutter_speed&quot;:&quot;0.025&quot;,&quot;title&quot;:&quot;&quot;,&quot;orientation&quot;:&quot;1&quot;}\" data-image-title=\"Garb_senteret_19.jpg\" data-image-description=\"&lt;p&gt;asle haukland, bygget&lt;\/p&gt; \" data-medium-file=\"https:\/\/www.jaermuseet.no\/garborgsenteret\/wp-content\/uploads\/sites\/2\/2012\/03\/Garb_senteret_191-300x200.jpg\" data-large-file=\"https:\/\/www.jaermuseet.no\/garborgsenteret\/wp-content\/uploads\/sites\/2\/2012\/03\/Garb_senteret_191.jpg\" src=\"https:\/\/i0.wp.com\/www.jaermuseet.no\/garborgsenteret\/wp-content\/uploads\/sites\/2\/2012\/03\/Garb_senteret_191.jpg?w=246&#038;h=164&#038;ssl=1\" srcset=\"https:\/\/www.jaermuseet.no\/garborgsenteret\/wp-content\/uploads\/sites\/2\/2012\/03\/Garb_senteret_191.jpg 664w, https:\/\/www.jaermuseet.no\/garborgsenteret\/wp-content\/uploads\/sites\/2\/2012\/03\/Garb_senteret_191-300x200.jpg 300w, https:\/\/www.jaermuseet.no\/garborgsenteret\/wp-content\/uploads\/sites\/2\/2012\/03\/Garb_senteret_191-250x166.jpg 250w, https:\/\/www.jaermuseet.no\/garborgsenteret\/wp-content\/uploads\/sites\/2\/2012\/03\/Garb_senteret_191-150x100.jpg 150w\" width=\"246\" height=\"164\" loading=\"lazy\" data-original-width=\"246\" data-original-height=\"164\" itemprop=\"http:\/\/schema.org\/image\" title=\"Garb_senteret_19.jpg\" alt=\"Slik ser Garborgsenteret ut, med Time bibliotek i f\u00f8rste etasje,\" style=\"width: 246px; height: 164px;\" \/> <\/a> <\/div> <\/div> <!-- close group --> <\/div> <!-- close row --> <\/div>\n<p>Prosjektet starta opp i oktober 2006 med Time M\u00e5llag, Time kommune og Rogaland fylkeskommune som initiativtakarar. Time kommune fekk ansvaret for \u00e5 driva prosjektet.<\/p>\n<p>Fr\u00e5 1. april 2008 tok J\u00e6rmuseet over ansvaret.<\/p>\n","protected":false},"excerpt":{"rendered":"<p>Id\u00e9en om etableringa av eit Nasjonalt Garborgsenter spring ut av&#8230;<\/p>\n","protected":false},"author":1,"featured_media":268,"parent":0,"menu_order":0,"comment_status":"closed","ping_status":"closed","template":"","meta":{"_acf_changed":false,"footnotes":""},"class_list":["post-1529","page","type-page","status-publish","has-post-thumbnail","hentry","featured-image-size-large"],"acf":[],"yoast_head":"<!-- This site is optimized with the Yoast SEO plugin v27.4 - https:\/\/yoast.com\/product\/yoast-seo-wordpress\/ -->\n<title>Bygget - Garborgsenteret<\/title>\n<meta name=\"robots\" content=\"index, follow, max-snippet:-1, max-image-preview:large, max-video-preview:-1\" \/>\n<link rel=\"canonical\" href=\"https:\/\/www.jaermuseet.no\/garborgsenteret\/bygget\/\" \/>\n<meta property=\"og:locale\" content=\"nn_NO\" \/>\n<meta property=\"og:type\" content=\"article\" \/>\n<meta property=\"og:title\" content=\"Bygget - Garborgsenteret\" \/>\n<meta property=\"og:description\" content=\"Id\u00e9en om etableringa av eit Nasjonalt Garborgsenter spring ut av...\" \/>\n<meta property=\"og:url\" content=\"https:\/\/www.jaermuseet.no\/garborgsenteret\/bygget\/\" \/>\n<meta property=\"og:site_name\" content=\"Garborgsenteret\" \/>\n<meta property=\"article:modified_time\" content=\"2022-06-27T07:48:25+00:00\" \/>\n<meta property=\"og:image\" content=\"https:\/\/www.jaermuseet.no\/wp-content\/uploads\/sites\/2\/2015\/02\/fasade-garborgsenteret-bryne.jpg\" \/>\n\t<meta property=\"og:image:width\" content=\"1200\" \/>\n\t<meta property=\"og:image:height\" content=\"798\" \/>\n\t<meta property=\"og:image:type\" content=\"image\/jpeg\" \/>\n<meta name=\"twitter:card\" content=\"summary_large_image\" \/>\n<meta name=\"twitter:label1\" content=\"Est. reading time\" \/>\n\t<meta name=\"twitter:data1\" content=\"1 minutt\" \/>\n<script type=\"application\/ld+json\" class=\"yoast-schema-graph\">{\"@context\":\"https:\\\/\\\/schema.org\",\"@graph\":[{\"@type\":\"WebPage\",\"@id\":\"https:\\\/\\\/www.jaermuseet.no\\\/garborgsenteret\\\/bygget\\\/\",\"url\":\"https:\\\/\\\/www.jaermuseet.no\\\/garborgsenteret\\\/bygget\\\/\",\"name\":\"Bygget - Garborgsenteret\",\"isPartOf\":{\"@id\":\"https:\\\/\\\/www.jaermuseet.no\\\/garborgsenteret\\\/#website\"},\"primaryImageOfPage\":{\"@id\":\"https:\\\/\\\/www.jaermuseet.no\\\/garborgsenteret\\\/bygget\\\/#primaryimage\"},\"image\":{\"@id\":\"https:\\\/\\\/www.jaermuseet.no\\\/garborgsenteret\\\/bygget\\\/#primaryimage\"},\"thumbnailUrl\":\"https:\\\/\\\/www.jaermuseet.no\\\/garborgsenteret\\\/wp-content\\\/uploads\\\/sites\\\/2\\\/2015\\\/02\\\/fasade-garborgsenteret-bryne.jpg\",\"datePublished\":\"2015-09-22T09:08:46+00:00\",\"dateModified\":\"2022-06-27T07:48:25+00:00\",\"breadcrumb\":{\"@id\":\"https:\\\/\\\/www.jaermuseet.no\\\/garborgsenteret\\\/bygget\\\/#breadcrumb\"},\"inLanguage\":\"nn-NO\",\"potentialAction\":[{\"@type\":\"ReadAction\",\"target\":[\"https:\\\/\\\/www.jaermuseet.no\\\/garborgsenteret\\\/bygget\\\/\"]}]},{\"@type\":\"ImageObject\",\"inLanguage\":\"nn-NO\",\"@id\":\"https:\\\/\\\/www.jaermuseet.no\\\/garborgsenteret\\\/bygget\\\/#primaryimage\",\"url\":\"https:\\\/\\\/www.jaermuseet.no\\\/garborgsenteret\\\/wp-content\\\/uploads\\\/sites\\\/2\\\/2015\\\/02\\\/fasade-garborgsenteret-bryne.jpg\",\"contentUrl\":\"https:\\\/\\\/www.jaermuseet.no\\\/garborgsenteret\\\/wp-content\\\/uploads\\\/sites\\\/2\\\/2015\\\/02\\\/fasade-garborgsenteret-bryne.jpg\",\"width\":1200,\"height\":798},{\"@type\":\"BreadcrumbList\",\"@id\":\"https:\\\/\\\/www.jaermuseet.no\\\/garborgsenteret\\\/bygget\\\/#breadcrumb\",\"itemListElement\":[{\"@type\":\"ListItem\",\"position\":1,\"name\":\"Hjem\",\"item\":\"https:\\\/\\\/www.jaermuseet.no\\\/garborgsenteret\\\/\"},{\"@type\":\"ListItem\",\"position\":2,\"name\":\"Bygget\"}]},{\"@type\":\"WebSite\",\"@id\":\"https:\\\/\\\/www.jaermuseet.no\\\/garborgsenteret\\\/#website\",\"url\":\"https:\\\/\\\/www.jaermuseet.no\\\/garborgsenteret\\\/\",\"name\":\"Garborgsenteret\",\"description\":\"A national arena to promote the interest for authors Arne and Hulda Garborg\",\"potentialAction\":[{\"@type\":\"SearchAction\",\"target\":{\"@type\":\"EntryPoint\",\"urlTemplate\":\"https:\\\/\\\/www.jaermuseet.no\\\/garborgsenteret\\\/?s={search_term_string}\"},\"query-input\":{\"@type\":\"PropertyValueSpecification\",\"valueRequired\":true,\"valueName\":\"search_term_string\"}}],\"inLanguage\":\"nn-NO\"}]}<\/script>\n<!-- \/ Yoast SEO plugin. -->","yoast_head_json":{"title":"Bygget - Garborgsenteret","robots":{"index":"index","follow":"follow","max-snippet":"max-snippet:-1","max-image-preview":"max-image-preview:large","max-video-preview":"max-video-preview:-1"},"canonical":"https:\/\/www.jaermuseet.no\/garborgsenteret\/bygget\/","og_locale":"nn_NO","og_type":"article","og_title":"Bygget - Garborgsenteret","og_description":"Id\u00e9en om etableringa av eit Nasjonalt Garborgsenter spring ut av...","og_url":"https:\/\/www.jaermuseet.no\/garborgsenteret\/bygget\/","og_site_name":"Garborgsenteret","article_modified_time":"2022-06-27T07:48:25+00:00","og_image":[{"width":1200,"height":798,"url":"https:\/\/www.jaermuseet.no\/wp-content\/uploads\/sites\/2\/2015\/02\/fasade-garborgsenteret-bryne.jpg","type":"image\/jpeg"}],"twitter_card":"summary_large_image","twitter_misc":{"Est. reading time":"1 minutt"},"schema":{"@context":"https:\/\/schema.org","@graph":[{"@type":"WebPage","@id":"https:\/\/www.jaermuseet.no\/garborgsenteret\/bygget\/","url":"https:\/\/www.jaermuseet.no\/garborgsenteret\/bygget\/","name":"Bygget - Garborgsenteret","isPartOf":{"@id":"https:\/\/www.jaermuseet.no\/garborgsenteret\/#website"},"primaryImageOfPage":{"@id":"https:\/\/www.jaermuseet.no\/garborgsenteret\/bygget\/#primaryimage"},"image":{"@id":"https:\/\/www.jaermuseet.no\/garborgsenteret\/bygget\/#primaryimage"},"thumbnailUrl":"https:\/\/www.jaermuseet.no\/garborgsenteret\/wp-content\/uploads\/sites\/2\/2015\/02\/fasade-garborgsenteret-bryne.jpg","datePublished":"2015-09-22T09:08:46+00:00","dateModified":"2022-06-27T07:48:25+00:00","breadcrumb":{"@id":"https:\/\/www.jaermuseet.no\/garborgsenteret\/bygget\/#breadcrumb"},"inLanguage":"nn-NO","potentialAction":[{"@type":"ReadAction","target":["https:\/\/www.jaermuseet.no\/garborgsenteret\/bygget\/"]}]},{"@type":"ImageObject","inLanguage":"nn-NO","@id":"https:\/\/www.jaermuseet.no\/garborgsenteret\/bygget\/#primaryimage","url":"https:\/\/www.jaermuseet.no\/garborgsenteret\/wp-content\/uploads\/sites\/2\/2015\/02\/fasade-garborgsenteret-bryne.jpg","contentUrl":"https:\/\/www.jaermuseet.no\/garborgsenteret\/wp-content\/uploads\/sites\/2\/2015\/02\/fasade-garborgsenteret-bryne.jpg","width":1200,"height":798},{"@type":"BreadcrumbList","@id":"https:\/\/www.jaermuseet.no\/garborgsenteret\/bygget\/#breadcrumb","itemListElement":[{"@type":"ListItem","position":1,"name":"Hjem","item":"https:\/\/www.jaermuseet.no\/garborgsenteret\/"},{"@type":"ListItem","position":2,"name":"Bygget"}]},{"@type":"WebSite","@id":"https:\/\/www.jaermuseet.no\/garborgsenteret\/#website","url":"https:\/\/www.jaermuseet.no\/garborgsenteret\/","name":"Garborgsenteret","description":"A national arena to promote the interest for authors Arne and Hulda Garborg","potentialAction":[{"@type":"SearchAction","target":{"@type":"EntryPoint","urlTemplate":"https:\/\/www.jaermuseet.no\/garborgsenteret\/?s={search_term_string}"},"query-input":{"@type":"PropertyValueSpecification","valueRequired":true,"valueName":"search_term_string"}}],"inLanguage":"nn-NO"}]}},"jetpack_sharing_enabled":true,"_links":{"self":[{"href":"https:\/\/www.jaermuseet.no\/garborgsenteret\/wp-json\/wp\/v2\/pages\/1529","targetHints":{"allow":["GET"]}}],"collection":[{"href":"https:\/\/www.jaermuseet.no\/garborgsenteret\/wp-json\/wp\/v2\/pages"}],"about":[{"href":"https:\/\/www.jaermuseet.no\/garborgsenteret\/wp-json\/wp\/v2\/types\/page"}],"author":[{"embeddable":true,"href":"https:\/\/www.jaermuseet.no\/garborgsenteret\/wp-json\/wp\/v2\/users\/1"}],"replies":[{"embeddable":true,"href":"https:\/\/www.jaermuseet.no\/garborgsenteret\/wp-json\/wp\/v2\/comments?post=1529"}],"version-history":[{"count":5,"href":"https:\/\/www.jaermuseet.no\/garborgsenteret\/wp-json\/wp\/v2\/pages\/1529\/revisions"}],"predecessor-version":[{"id":9419,"href":"https:\/\/www.jaermuseet.no\/garborgsenteret\/wp-json\/wp\/v2\/pages\/1529\/revisions\/9419"}],"wp:featuredmedia":[{"embeddable":true,"href":"https:\/\/www.jaermuseet.no\/garborgsenteret\/wp-json\/wp\/v2\/media\/268"}],"wp:attachment":[{"href":"https:\/\/www.jaermuseet.no\/garborgsenteret\/wp-json\/wp\/v2\/media?parent=1529"}],"curies":[{"name":"wp","href":"https:\/\/api.w.org\/{rel}","templated":true}]}}