{"id":87,"date":"2015-11-27T12:39:21","date_gmt":"2015-11-27T11:39:21","guid":{"rendered":"https:\/\/www.jaermuseet.no\/garborgheimen\/?page_id=87"},"modified":"2017-03-29T13:23:55","modified_gmt":"2017-03-29T11:23:55","slug":"garborgloypa","status":"publish","type":"page","link":"https:\/\/www.jaermuseet.no\/garborgheimen\/garborgloypa\/","title":{"rendered":"Garborgl\u00f8ypa"},"content":{"rendered":"<p>Garborgl\u00f8ypa best\u00e5r av\u00a056 filmar og lydspor som du kan henta fram\u00a0ved hjelp av mobiltelefonen din i Knudaheio, Garborgheimen og Time kyrkje. Du m\u00f8ter Arne og Hulda Garborg, Veslem\u00f8y, Enok Hove og fleire til. Sj\u00e5 innslag fr\u00e5 TV Vest\u00a0<a href=\"https:\/\/vimeo.com\/123399699\" target=\"_blank\">her<\/a>\u00a0og TV Aftenbladet<a href=\"http:\/\/www.aftenbladet.no\/tv\/#!\/video\/101267\/se-steinhodet-snakke\"> her<\/a>.<\/p>\n<p>Den delen av Garborgl\u00f8ypa som er utand\u00f8rs er gratis og tilgjengeleg \u00e5ret rundt.<\/p>\n<p>Foto: Filmavdelingen AS.<\/p>\n<p><a href=\"https:\/\/www.jaermuseet.no\/garborgheimen\/garborgloypa\/filmplakat\/\" rel=\"attachment wp-att-118\"><img loading=\"lazy\" decoding=\"async\" class=\"alignnone wp-image-118 size-large\" src=\"https:\/\/www.jaermuseet.no\/garborgheimen\/wp-content\/uploads\/sites\/15\/2015\/11\/Filmplakat-724x1024.jpg\" alt=\"Filmplakat\" width=\"724\" height=\"1024\" srcset=\"https:\/\/www.jaermuseet.no\/garborgheimen\/wp-content\/uploads\/sites\/15\/2015\/11\/Filmplakat-724x1024.jpg 724w, https:\/\/www.jaermuseet.no\/garborgheimen\/wp-content\/uploads\/sites\/15\/2015\/11\/Filmplakat-212x300.jpg 212w, https:\/\/www.jaermuseet.no\/garborgheimen\/wp-content\/uploads\/sites\/15\/2015\/11\/Filmplakat-768x1086.jpg 768w, https:\/\/www.jaermuseet.no\/garborgheimen\/wp-content\/uploads\/sites\/15\/2015\/11\/Filmplakat-250x353.jpg 250w, https:\/\/www.jaermuseet.no\/garborgheimen\/wp-content\/uploads\/sites\/15\/2015\/11\/Filmplakat.jpg 1754w\" sizes=\"auto, (max-width: 724px) 100vw, 724px\" \/><\/a><\/p>\n","protected":false},"excerpt":{"rendered":"<p>Garborgl\u00f8ypa best\u00e5r av\u00a056 filmar og lydspor som du kan henta&#8230;<\/p>\n","protected":false},"author":17,"featured_media":84,"parent":0,"menu_order":0,"comment_status":"closed","ping_status":"closed","template":"","meta":{"_acf_changed":false,"footnotes":""},"class_list":["post-87","page","type-page","status-publish","has-post-thumbnail","hentry","featured-image-size-large"],"acf":[],"yoast_head":"<!-- This site is optimized with the Yoast SEO plugin v27.4 - https:\/\/yoast.com\/product\/yoast-seo-wordpress\/ -->\n<title>Garborgl\u00f8ypa - Garborgheimen<\/title>\n<meta name=\"robots\" content=\"index, follow, max-snippet:-1, max-image-preview:large, max-video-preview:-1\" \/>\n<link rel=\"canonical\" href=\"https:\/\/www.jaermuseet.no\/garborgheimen\/garborgloypa\/\" \/>\n<meta property=\"og:locale\" content=\"nn_NO\" \/>\n<meta property=\"og:type\" content=\"article\" \/>\n<meta property=\"og:title\" content=\"Garborgl\u00f8ypa - Garborgheimen\" \/>\n<meta property=\"og:description\" content=\"Garborgl\u00f8ypa best\u00e5r av\u00a056 filmar og lydspor som du kan henta...\" \/>\n<meta property=\"og:url\" content=\"https:\/\/www.jaermuseet.no\/garborgheimen\/garborgloypa\/\" \/>\n<meta property=\"og:site_name\" content=\"Garborgheimen\" \/>\n<meta property=\"article:modified_time\" content=\"2017-03-29T11:23:55+00:00\" \/>\n<meta property=\"og:image\" content=\"https:\/\/www.jaermuseet.no\/garborgheimen\/wp-content\/uploads\/sites\/15\/2015\/11\/elsk5cutTo.jpg\" \/>\n\t<meta property=\"og:image:width\" content=\"3840\" \/>\n\t<meta property=\"og:image:height\" content=\"1763\" \/>\n\t<meta property=\"og:image:type\" content=\"image\/jpeg\" \/>\n<meta name=\"twitter:card\" content=\"summary_large_image\" \/>\n<script type=\"application\/ld+json\" class=\"yoast-schema-graph\">{\"@context\":\"https:\\\/\\\/schema.org\",\"@graph\":[{\"@type\":\"WebPage\",\"@id\":\"https:\\\/\\\/www.jaermuseet.no\\\/garborgheimen\\\/garborgloypa\\\/\",\"url\":\"https:\\\/\\\/www.jaermuseet.no\\\/garborgheimen\\\/garborgloypa\\\/\",\"name\":\"Garborgl\u00f8ypa - Garborgheimen\",\"isPartOf\":{\"@id\":\"https:\\\/\\\/www.jaermuseet.no\\\/garborgheimen\\\/#website\"},\"primaryImageOfPage\":{\"@id\":\"https:\\\/\\\/www.jaermuseet.no\\\/garborgheimen\\\/garborgloypa\\\/#primaryimage\"},\"image\":{\"@id\":\"https:\\\/\\\/www.jaermuseet.no\\\/garborgheimen\\\/garborgloypa\\\/#primaryimage\"},\"thumbnailUrl\":\"https:\\\/\\\/www.jaermuseet.no\\\/garborgheimen\\\/wp-content\\\/uploads\\\/sites\\\/15\\\/2015\\\/11\\\/elsk5cutTo.jpg\",\"datePublished\":\"2015-11-27T11:39:21+00:00\",\"dateModified\":\"2017-03-29T11:23:55+00:00\",\"breadcrumb\":{\"@id\":\"https:\\\/\\\/www.jaermuseet.no\\\/garborgheimen\\\/garborgloypa\\\/#breadcrumb\"},\"inLanguage\":\"nn-NO\",\"potentialAction\":[{\"@type\":\"ReadAction\",\"target\":[\"https:\\\/\\\/www.jaermuseet.no\\\/garborgheimen\\\/garborgloypa\\\/\"]}]},{\"@type\":\"ImageObject\",\"inLanguage\":\"nn-NO\",\"@id\":\"https:\\\/\\\/www.jaermuseet.no\\\/garborgheimen\\\/garborgloypa\\\/#primaryimage\",\"url\":\"https:\\\/\\\/www.jaermuseet.no\\\/garborgheimen\\\/wp-content\\\/uploads\\\/sites\\\/15\\\/2015\\\/11\\\/elsk5cutTo.jpg\",\"contentUrl\":\"https:\\\/\\\/www.jaermuseet.no\\\/garborgheimen\\\/wp-content\\\/uploads\\\/sites\\\/15\\\/2015\\\/11\\\/elsk5cutTo.jpg\",\"width\":3840,\"height\":1763,\"caption\":\"Karin Hodne som Veslem\u00f8y. Foto: Filmavdelingen AS.\"},{\"@type\":\"BreadcrumbList\",\"@id\":\"https:\\\/\\\/www.jaermuseet.no\\\/garborgheimen\\\/garborgloypa\\\/#breadcrumb\",\"itemListElement\":[{\"@type\":\"ListItem\",\"position\":1,\"name\":\"Hjem\",\"item\":\"https:\\\/\\\/www.jaermuseet.no\\\/garborgheimen\\\/\"},{\"@type\":\"ListItem\",\"position\":2,\"name\":\"Garborgl\u00f8ypa\"}]},{\"@type\":\"WebSite\",\"@id\":\"https:\\\/\\\/www.jaermuseet.no\\\/garborgheimen\\\/#website\",\"url\":\"https:\\\/\\\/www.jaermuseet.no\\\/garborgheimen\\\/\",\"name\":\"Garborgheimen\",\"description\":\"Arne Garborg sin barndomsheim\",\"potentialAction\":[{\"@type\":\"SearchAction\",\"target\":{\"@type\":\"EntryPoint\",\"urlTemplate\":\"https:\\\/\\\/www.jaermuseet.no\\\/garborgheimen\\\/?s={search_term_string}\"},\"query-input\":{\"@type\":\"PropertyValueSpecification\",\"valueRequired\":true,\"valueName\":\"search_term_string\"}}],\"inLanguage\":\"nn-NO\"}]}<\/script>\n<!-- \/ Yoast SEO plugin. -->","yoast_head_json":{"title":"Garborgl\u00f8ypa - Garborgheimen","robots":{"index":"index","follow":"follow","max-snippet":"max-snippet:-1","max-image-preview":"max-image-preview:large","max-video-preview":"max-video-preview:-1"},"canonical":"https:\/\/www.jaermuseet.no\/garborgheimen\/garborgloypa\/","og_locale":"nn_NO","og_type":"article","og_title":"Garborgl\u00f8ypa - Garborgheimen","og_description":"Garborgl\u00f8ypa best\u00e5r av\u00a056 filmar og lydspor som du kan henta...","og_url":"https:\/\/www.jaermuseet.no\/garborgheimen\/garborgloypa\/","og_site_name":"Garborgheimen","article_modified_time":"2017-03-29T11:23:55+00:00","og_image":[{"width":3840,"height":1763,"url":"https:\/\/www.jaermuseet.no\/garborgheimen\/wp-content\/uploads\/sites\/15\/2015\/11\/elsk5cutTo.jpg","type":"image\/jpeg"}],"twitter_card":"summary_large_image","schema":{"@context":"https:\/\/schema.org","@graph":[{"@type":"WebPage","@id":"https:\/\/www.jaermuseet.no\/garborgheimen\/garborgloypa\/","url":"https:\/\/www.jaermuseet.no\/garborgheimen\/garborgloypa\/","name":"Garborgl\u00f8ypa - Garborgheimen","isPartOf":{"@id":"https:\/\/www.jaermuseet.no\/garborgheimen\/#website"},"primaryImageOfPage":{"@id":"https:\/\/www.jaermuseet.no\/garborgheimen\/garborgloypa\/#primaryimage"},"image":{"@id":"https:\/\/www.jaermuseet.no\/garborgheimen\/garborgloypa\/#primaryimage"},"thumbnailUrl":"https:\/\/www.jaermuseet.no\/garborgheimen\/wp-content\/uploads\/sites\/15\/2015\/11\/elsk5cutTo.jpg","datePublished":"2015-11-27T11:39:21+00:00","dateModified":"2017-03-29T11:23:55+00:00","breadcrumb":{"@id":"https:\/\/www.jaermuseet.no\/garborgheimen\/garborgloypa\/#breadcrumb"},"inLanguage":"nn-NO","potentialAction":[{"@type":"ReadAction","target":["https:\/\/www.jaermuseet.no\/garborgheimen\/garborgloypa\/"]}]},{"@type":"ImageObject","inLanguage":"nn-NO","@id":"https:\/\/www.jaermuseet.no\/garborgheimen\/garborgloypa\/#primaryimage","url":"https:\/\/www.jaermuseet.no\/garborgheimen\/wp-content\/uploads\/sites\/15\/2015\/11\/elsk5cutTo.jpg","contentUrl":"https:\/\/www.jaermuseet.no\/garborgheimen\/wp-content\/uploads\/sites\/15\/2015\/11\/elsk5cutTo.jpg","width":3840,"height":1763,"caption":"Karin Hodne som Veslem\u00f8y. Foto: Filmavdelingen AS."},{"@type":"BreadcrumbList","@id":"https:\/\/www.jaermuseet.no\/garborgheimen\/garborgloypa\/#breadcrumb","itemListElement":[{"@type":"ListItem","position":1,"name":"Hjem","item":"https:\/\/www.jaermuseet.no\/garborgheimen\/"},{"@type":"ListItem","position":2,"name":"Garborgl\u00f8ypa"}]},{"@type":"WebSite","@id":"https:\/\/www.jaermuseet.no\/garborgheimen\/#website","url":"https:\/\/www.jaermuseet.no\/garborgheimen\/","name":"Garborgheimen","description":"Arne Garborg sin barndomsheim","potentialAction":[{"@type":"SearchAction","target":{"@type":"EntryPoint","urlTemplate":"https:\/\/www.jaermuseet.no\/garborgheimen\/?s={search_term_string}"},"query-input":{"@type":"PropertyValueSpecification","valueRequired":true,"valueName":"search_term_string"}}],"inLanguage":"nn-NO"}]}},"jetpack_sharing_enabled":true,"_links":{"self":[{"href":"https:\/\/www.jaermuseet.no\/garborgheimen\/wp-json\/wp\/v2\/pages\/87","targetHints":{"allow":["GET"]}}],"collection":[{"href":"https:\/\/www.jaermuseet.no\/garborgheimen\/wp-json\/wp\/v2\/pages"}],"about":[{"href":"https:\/\/www.jaermuseet.no\/garborgheimen\/wp-json\/wp\/v2\/types\/page"}],"author":[{"embeddable":true,"href":"https:\/\/www.jaermuseet.no\/garborgheimen\/wp-json\/wp\/v2\/users\/17"}],"replies":[{"embeddable":true,"href":"https:\/\/www.jaermuseet.no\/garborgheimen\/wp-json\/wp\/v2\/comments?post=87"}],"version-history":[{"count":13,"href":"https:\/\/www.jaermuseet.no\/garborgheimen\/wp-json\/wp\/v2\/pages\/87\/revisions"}],"predecessor-version":[{"id":168,"href":"https:\/\/www.jaermuseet.no\/garborgheimen\/wp-json\/wp\/v2\/pages\/87\/revisions\/168"}],"wp:featuredmedia":[{"embeddable":true,"href":"https:\/\/www.jaermuseet.no\/garborgheimen\/wp-json\/wp\/v2\/media\/84"}],"wp:attachment":[{"href":"https:\/\/www.jaermuseet.no\/garborgheimen\/wp-json\/wp\/v2\/media?parent=87"}],"curies":[{"name":"wp","href":"https:\/\/api.w.org\/{rel}","templated":true}]}}