{"id":23,"date":"2015-06-10T10:32:56","date_gmt":"2015-06-10T08:32:56","guid":{"rendered":"https:\/\/www.jaermuseet.no\/garborgheimen\/?page_id=23"},"modified":"2021-05-20T09:53:34","modified_gmt":"2021-05-20T07:53:34","slug":"gruppebesok","status":"publish","type":"page","link":"https:\/\/www.jaermuseet.no\/garborgheimen\/gruppebesok\/","title":{"rendered":"Planlegg bes\u00f8ket"},"content":{"rendered":"<p>Garborgheimen og Knudaheio held ope s\u00f8n- og helgedagar, kl. 12-16, f.o.m. 1. mai og ut august. Sommarope kvar dag fr\u00e5 1. juli til midten av august, kl. 12-17. Vinterhalv\u00e5ret opnar me ved f\u00f8respurnad.<\/p>\n<p>Inngangspengar Garborgheimen og Knudaheio: kr 40,-; alle under 18 \u00e5r g\u00e5r gratis. L\u00f8yst billett p\u00e5 ein av stadene gjeld \u00f2g p\u00e5 den andre same dagen. Ein f\u00e5r ogs\u00e5 rabatt p\u00e5 inngangsbilletten til Garborgsenteret ved framvising av billett fr\u00e5 Garborgheimen eller Knudaheio.<\/p>\n<p>Det kan bestillast historieformidling\/guiding gjennom heile \u00e5ret.<\/p>\n","protected":false},"excerpt":{"rendered":"<p>Garborgheimen og Knudaheio held ope s\u00f8n- og helgedagar, kl. 12-16,&#8230;<\/p>\n","protected":false},"author":1,"featured_media":54,"parent":0,"menu_order":0,"comment_status":"open","ping_status":"open","template":"","meta":{"_acf_changed":false,"footnotes":""},"class_list":["post-23","page","type-page","status-publish","has-post-thumbnail","hentry","featured-image-size-small"],"acf":[],"yoast_head":"<!-- This site is optimized with the Yoast SEO plugin v27.6 - https:\/\/yoast.com\/product\/yoast-seo-wordpress\/ -->\n<title>Planlegg bes\u00f8ket - Garborgheimen<\/title>\n<meta name=\"robots\" content=\"index, follow, max-snippet:-1, max-image-preview:large, max-video-preview:-1\" \/>\n<link rel=\"canonical\" href=\"https:\/\/www.jaermuseet.no\/garborgheimen\/gruppebesok\/\" \/>\n<meta property=\"og:locale\" content=\"nn_NO\" \/>\n<meta property=\"og:type\" content=\"article\" \/>\n<meta property=\"og:title\" content=\"Planlegg bes\u00f8ket - Garborgheimen\" \/>\n<meta property=\"og:description\" content=\"Garborgheimen og Knudaheio held ope s\u00f8n- og helgedagar, kl. 12-16,...\" \/>\n<meta property=\"og:url\" content=\"https:\/\/www.jaermuseet.no\/garborgheimen\/gruppebesok\/\" \/>\n<meta property=\"og:site_name\" content=\"Garborgheimen\" \/>\n<meta property=\"article:modified_time\" content=\"2021-05-20T07:53:34+00:00\" \/>\n<meta property=\"og:image\" content=\"https:\/\/www.jaermuseet.no\/garborgheimen\/wp-content\/uploads\/sites\/15\/2015\/06\/080910_jn_004wp.jpg\" \/>\n\t<meta property=\"og:image:width\" content=\"1772\" \/>\n\t<meta property=\"og:image:height\" content=\"1181\" \/>\n\t<meta property=\"og:image:type\" content=\"image\/jpeg\" \/>\n<meta name=\"twitter:card\" content=\"summary_large_image\" \/>\n<meta name=\"twitter:label1\" content=\"Est. reading time\" \/>\n\t<meta name=\"twitter:data1\" content=\"1 minutt\" \/>\n<script type=\"application\/ld+json\" class=\"yoast-schema-graph\">{\"@context\":\"https:\\\/\\\/schema.org\",\"@graph\":[{\"@type\":\"WebPage\",\"@id\":\"https:\\\/\\\/www.jaermuseet.no\\\/garborgheimen\\\/gruppebesok\\\/\",\"url\":\"https:\\\/\\\/www.jaermuseet.no\\\/garborgheimen\\\/gruppebesok\\\/\",\"name\":\"Planlegg bes\u00f8ket - Garborgheimen\",\"isPartOf\":{\"@id\":\"https:\\\/\\\/www.jaermuseet.no\\\/garborgheimen\\\/#website\"},\"primaryImageOfPage\":{\"@id\":\"https:\\\/\\\/www.jaermuseet.no\\\/garborgheimen\\\/gruppebesok\\\/#primaryimage\"},\"image\":{\"@id\":\"https:\\\/\\\/www.jaermuseet.no\\\/garborgheimen\\\/gruppebesok\\\/#primaryimage\"},\"thumbnailUrl\":\"https:\\\/\\\/www.jaermuseet.no\\\/garborgheimen\\\/wp-content\\\/uploads\\\/sites\\\/15\\\/2015\\\/06\\\/080910_jn_004wp.jpg\",\"datePublished\":\"2015-06-10T08:32:56+00:00\",\"dateModified\":\"2021-05-20T07:53:34+00:00\",\"breadcrumb\":{\"@id\":\"https:\\\/\\\/www.jaermuseet.no\\\/garborgheimen\\\/gruppebesok\\\/#breadcrumb\"},\"inLanguage\":\"nn-NO\",\"potentialAction\":[{\"@type\":\"ReadAction\",\"target\":[\"https:\\\/\\\/www.jaermuseet.no\\\/garborgheimen\\\/gruppebesok\\\/\"]}]},{\"@type\":\"ImageObject\",\"inLanguage\":\"nn-NO\",\"@id\":\"https:\\\/\\\/www.jaermuseet.no\\\/garborgheimen\\\/gruppebesok\\\/#primaryimage\",\"url\":\"https:\\\/\\\/www.jaermuseet.no\\\/garborgheimen\\\/wp-content\\\/uploads\\\/sites\\\/15\\\/2015\\\/06\\\/080910_jn_004wp.jpg\",\"contentUrl\":\"https:\\\/\\\/www.jaermuseet.no\\\/garborgheimen\\\/wp-content\\\/uploads\\\/sites\\\/15\\\/2015\\\/06\\\/080910_jn_004wp.jpg\",\"width\":1772,\"height\":1181},{\"@type\":\"BreadcrumbList\",\"@id\":\"https:\\\/\\\/www.jaermuseet.no\\\/garborgheimen\\\/gruppebesok\\\/#breadcrumb\",\"itemListElement\":[{\"@type\":\"ListItem\",\"position\":1,\"name\":\"Hjem\",\"item\":\"https:\\\/\\\/www.jaermuseet.no\\\/garborgheimen\\\/\"},{\"@type\":\"ListItem\",\"position\":2,\"name\":\"Planlegg bes\u00f8ket\"}]},{\"@type\":\"WebSite\",\"@id\":\"https:\\\/\\\/www.jaermuseet.no\\\/garborgheimen\\\/#website\",\"url\":\"https:\\\/\\\/www.jaermuseet.no\\\/garborgheimen\\\/\",\"name\":\"Garborgheimen\",\"description\":\"Arne Garborg sin barndomsheim\",\"potentialAction\":[{\"@type\":\"SearchAction\",\"target\":{\"@type\":\"EntryPoint\",\"urlTemplate\":\"https:\\\/\\\/www.jaermuseet.no\\\/garborgheimen\\\/?s={search_term_string}\"},\"query-input\":{\"@type\":\"PropertyValueSpecification\",\"valueRequired\":true,\"valueName\":\"search_term_string\"}}],\"inLanguage\":\"nn-NO\"}]}<\/script>\n<!-- \/ Yoast SEO plugin. -->","yoast_head_json":{"title":"Planlegg bes\u00f8ket - Garborgheimen","robots":{"index":"index","follow":"follow","max-snippet":"max-snippet:-1","max-image-preview":"max-image-preview:large","max-video-preview":"max-video-preview:-1"},"canonical":"https:\/\/www.jaermuseet.no\/garborgheimen\/gruppebesok\/","og_locale":"nn_NO","og_type":"article","og_title":"Planlegg bes\u00f8ket - Garborgheimen","og_description":"Garborgheimen og Knudaheio held ope s\u00f8n- og helgedagar, kl. 12-16,...","og_url":"https:\/\/www.jaermuseet.no\/garborgheimen\/gruppebesok\/","og_site_name":"Garborgheimen","article_modified_time":"2021-05-20T07:53:34+00:00","og_image":[{"width":1772,"height":1181,"url":"https:\/\/www.jaermuseet.no\/garborgheimen\/wp-content\/uploads\/sites\/15\/2015\/06\/080910_jn_004wp.jpg","type":"image\/jpeg"}],"twitter_card":"summary_large_image","twitter_misc":{"Est. reading time":"1 minutt"},"schema":{"@context":"https:\/\/schema.org","@graph":[{"@type":"WebPage","@id":"https:\/\/www.jaermuseet.no\/garborgheimen\/gruppebesok\/","url":"https:\/\/www.jaermuseet.no\/garborgheimen\/gruppebesok\/","name":"Planlegg bes\u00f8ket - Garborgheimen","isPartOf":{"@id":"https:\/\/www.jaermuseet.no\/garborgheimen\/#website"},"primaryImageOfPage":{"@id":"https:\/\/www.jaermuseet.no\/garborgheimen\/gruppebesok\/#primaryimage"},"image":{"@id":"https:\/\/www.jaermuseet.no\/garborgheimen\/gruppebesok\/#primaryimage"},"thumbnailUrl":"https:\/\/www.jaermuseet.no\/garborgheimen\/wp-content\/uploads\/sites\/15\/2015\/06\/080910_jn_004wp.jpg","datePublished":"2015-06-10T08:32:56+00:00","dateModified":"2021-05-20T07:53:34+00:00","breadcrumb":{"@id":"https:\/\/www.jaermuseet.no\/garborgheimen\/gruppebesok\/#breadcrumb"},"inLanguage":"nn-NO","potentialAction":[{"@type":"ReadAction","target":["https:\/\/www.jaermuseet.no\/garborgheimen\/gruppebesok\/"]}]},{"@type":"ImageObject","inLanguage":"nn-NO","@id":"https:\/\/www.jaermuseet.no\/garborgheimen\/gruppebesok\/#primaryimage","url":"https:\/\/www.jaermuseet.no\/garborgheimen\/wp-content\/uploads\/sites\/15\/2015\/06\/080910_jn_004wp.jpg","contentUrl":"https:\/\/www.jaermuseet.no\/garborgheimen\/wp-content\/uploads\/sites\/15\/2015\/06\/080910_jn_004wp.jpg","width":1772,"height":1181},{"@type":"BreadcrumbList","@id":"https:\/\/www.jaermuseet.no\/garborgheimen\/gruppebesok\/#breadcrumb","itemListElement":[{"@type":"ListItem","position":1,"name":"Hjem","item":"https:\/\/www.jaermuseet.no\/garborgheimen\/"},{"@type":"ListItem","position":2,"name":"Planlegg bes\u00f8ket"}]},{"@type":"WebSite","@id":"https:\/\/www.jaermuseet.no\/garborgheimen\/#website","url":"https:\/\/www.jaermuseet.no\/garborgheimen\/","name":"Garborgheimen","description":"Arne Garborg sin barndomsheim","potentialAction":[{"@type":"SearchAction","target":{"@type":"EntryPoint","urlTemplate":"https:\/\/www.jaermuseet.no\/garborgheimen\/?s={search_term_string}"},"query-input":{"@type":"PropertyValueSpecification","valueRequired":true,"valueName":"search_term_string"}}],"inLanguage":"nn-NO"}]}},"jetpack_sharing_enabled":true,"_links":{"self":[{"href":"https:\/\/www.jaermuseet.no\/garborgheimen\/wp-json\/wp\/v2\/pages\/23","targetHints":{"allow":["GET"]}}],"collection":[{"href":"https:\/\/www.jaermuseet.no\/garborgheimen\/wp-json\/wp\/v2\/pages"}],"about":[{"href":"https:\/\/www.jaermuseet.no\/garborgheimen\/wp-json\/wp\/v2\/types\/page"}],"author":[{"embeddable":true,"href":"https:\/\/www.jaermuseet.no\/garborgheimen\/wp-json\/wp\/v2\/users\/1"}],"replies":[{"embeddable":true,"href":"https:\/\/www.jaermuseet.no\/garborgheimen\/wp-json\/wp\/v2\/comments?post=23"}],"version-history":[{"count":8,"href":"https:\/\/www.jaermuseet.no\/garborgheimen\/wp-json\/wp\/v2\/pages\/23\/revisions"}],"predecessor-version":[{"id":297,"href":"https:\/\/www.jaermuseet.no\/garborgheimen\/wp-json\/wp\/v2\/pages\/23\/revisions\/297"}],"wp:featuredmedia":[{"embeddable":true,"href":"https:\/\/www.jaermuseet.no\/garborgheimen\/wp-json\/wp\/v2\/media\/54"}],"wp:attachment":[{"href":"https:\/\/www.jaermuseet.no\/garborgheimen\/wp-json\/wp\/v2\/media?parent=23"}],"curies":[{"name":"wp","href":"https:\/\/api.w.org\/{rel}","templated":true}]}}