{"id":2,"date":"2015-02-27T13:13:10","date_gmt":"2015-02-27T13:13:10","guid":{"rendered":"https:\/\/www.jaermuseet.no\/garborgheimen\/?page_id=2"},"modified":"2024-12-04T10:50:57","modified_gmt":"2024-12-04T09:50:57","slug":"om-garborgheimen","status":"publish","type":"page","link":"https:\/\/www.jaermuseet.no\/garborgheimen\/om-garborgheimen\/","title":{"rendered":"Om Garborgheimen"},"content":{"rendered":"\n<p>Familien budde der fram til 1869 d\u00e5 Eivind Garborg tok sitt eige liv. D\u00e5 hadde allereie Aadne flytta ut \u2013 han reiste som 16-\u00e5ring. Innreiinga og m\u00f8blene er fr\u00e5 1850-\u00e5ra. Nokre av gjenstandane er stadautentiske, medan det meste er tidsautentisk. Garborgheimen er skildra i fleire av Arne sine verk.<\/p>\n\n\n\n<p>Huset vart freda av Riksantikvaren i 1939 og overtatt av Time kommune \u00e5ret etter. Det budde folk i huset til 1947. Fr\u00e5 1951 har Garborgheimen vore museumsbygg, og er tilgjengeleg for publikum om sommaren og elles etter avtale.<\/p>\n\n\n\n<p>Garborgheimen er eit godt bevart j\u00e6rhus, og med innreiing og m\u00f8blar fr\u00e5 1850-\u00e5ra gir det et godt bilde av den kulturelle og sosiale bakgrunnen til diktaren. Nokre f\u00e5 gjenstandar er stadautentiske; den bl\u00e5 kista, ei hylle og ein lysestake, medan det meste er tidsautentisk.<\/p>\n\n\n\n<iframe width='853' height='480' src='https:\/\/my.matterport.com\/show\/?m=TYyiBBg9cpL' \nframeborder='0' allowfullscreen allow='xr-spatial-tracking'><\/iframe>\n\n\n\n<figure class=\"wp-block-gallery has-nested-images columns-3 is-cropped wp-block-gallery-1 is-layout-flex wp-block-gallery-is-layout-flex\">\n<figure class=\"wp-block-image size-large\"><img loading=\"lazy\" decoding=\"async\" width=\"1024\" height=\"683\" data-id=\"229\" src=\"https:\/\/www.jaermuseet.no\/garborgheimen\/wp-content\/uploads\/sites\/15\/2018\/06\/080910_jn_012-1024x683.jpg\" alt=\"\" class=\"wp-image-229\" srcset=\"https:\/\/www.jaermuseet.no\/garborgheimen\/wp-content\/uploads\/sites\/15\/2018\/06\/080910_jn_012-1024x683.jpg 1024w, https:\/\/www.jaermuseet.no\/garborgheimen\/wp-content\/uploads\/sites\/15\/2018\/06\/080910_jn_012-300x200.jpg 300w, https:\/\/www.jaermuseet.no\/garborgheimen\/wp-content\/uploads\/sites\/15\/2018\/06\/080910_jn_012-250x167.jpg 250w\" sizes=\"auto, (max-width: 1024px) 100vw, 1024px\" \/><\/figure>\n\n\n\n<figure class=\"wp-block-image size-large\"><img loading=\"lazy\" decoding=\"async\" width=\"1024\" height=\"683\" data-id=\"228\" src=\"https:\/\/www.jaermuseet.no\/garborgheimen\/wp-content\/uploads\/sites\/15\/2018\/06\/080910_jn_010-1024x683.jpg\" alt=\"\" class=\"wp-image-228\" srcset=\"https:\/\/www.jaermuseet.no\/garborgheimen\/wp-content\/uploads\/sites\/15\/2018\/06\/080910_jn_010-1024x683.jpg 1024w, https:\/\/www.jaermuseet.no\/garborgheimen\/wp-content\/uploads\/sites\/15\/2018\/06\/080910_jn_010-300x200.jpg 300w, https:\/\/www.jaermuseet.no\/garborgheimen\/wp-content\/uploads\/sites\/15\/2018\/06\/080910_jn_010-250x167.jpg 250w\" sizes=\"auto, (max-width: 1024px) 100vw, 1024px\" \/><\/figure>\n\n\n\n<figure class=\"wp-block-image size-large\"><img loading=\"lazy\" decoding=\"async\" width=\"683\" height=\"1024\" data-id=\"226\" src=\"https:\/\/www.jaermuseet.no\/garborgheimen\/wp-content\/uploads\/sites\/15\/2018\/06\/080910_jn_006-683x1024.jpg\" alt=\"\" class=\"wp-image-226\" srcset=\"https:\/\/www.jaermuseet.no\/garborgheimen\/wp-content\/uploads\/sites\/15\/2018\/06\/080910_jn_006-683x1024.jpg 683w, https:\/\/www.jaermuseet.no\/garborgheimen\/wp-content\/uploads\/sites\/15\/2018\/06\/080910_jn_006-200x300.jpg 200w, https:\/\/www.jaermuseet.no\/garborgheimen\/wp-content\/uploads\/sites\/15\/2018\/06\/080910_jn_006-250x375.jpg 250w\" sizes=\"auto, (max-width: 683px) 100vw, 683px\" \/><\/figure>\n\n\n\n<figure class=\"wp-block-image size-large\"><img loading=\"lazy\" decoding=\"async\" width=\"1024\" height=\"683\" data-id=\"225\" src=\"https:\/\/www.jaermuseet.no\/garborgheimen\/wp-content\/uploads\/sites\/15\/2018\/06\/080910_jn_002-1024x683.jpg\" alt=\"\" class=\"wp-image-225\" srcset=\"https:\/\/www.jaermuseet.no\/garborgheimen\/wp-content\/uploads\/sites\/15\/2018\/06\/080910_jn_002-1024x683.jpg 1024w, https:\/\/www.jaermuseet.no\/garborgheimen\/wp-content\/uploads\/sites\/15\/2018\/06\/080910_jn_002-300x200.jpg 300w, https:\/\/www.jaermuseet.no\/garborgheimen\/wp-content\/uploads\/sites\/15\/2018\/06\/080910_jn_002-250x167.jpg 250w\" sizes=\"auto, (max-width: 1024px) 100vw, 1024px\" \/><\/figure>\n\n\n\n<figure class=\"wp-block-image size-large\"><img loading=\"lazy\" decoding=\"async\" width=\"1024\" height=\"683\" data-id=\"224\" src=\"https:\/\/www.jaermuseet.no\/garborgheimen\/wp-content\/uploads\/sites\/15\/2018\/06\/080910_jn_026-1024x683.jpg\" alt=\"\" class=\"wp-image-224\" srcset=\"https:\/\/www.jaermuseet.no\/garborgheimen\/wp-content\/uploads\/sites\/15\/2018\/06\/080910_jn_026-1024x683.jpg 1024w, https:\/\/www.jaermuseet.no\/garborgheimen\/wp-content\/uploads\/sites\/15\/2018\/06\/080910_jn_026-300x200.jpg 300w, https:\/\/www.jaermuseet.no\/garborgheimen\/wp-content\/uploads\/sites\/15\/2018\/06\/080910_jn_026-250x167.jpg 250w\" sizes=\"auto, (max-width: 1024px) 100vw, 1024px\" \/><\/figure>\n\n\n\n<figure class=\"wp-block-image size-large\"><img loading=\"lazy\" decoding=\"async\" width=\"1024\" height=\"683\" data-id=\"223\" src=\"https:\/\/www.jaermuseet.no\/garborgheimen\/wp-content\/uploads\/sites\/15\/2018\/06\/080910_jn_021-1024x683.jpg\" alt=\"\" class=\"wp-image-223\" srcset=\"https:\/\/www.jaermuseet.no\/garborgheimen\/wp-content\/uploads\/sites\/15\/2018\/06\/080910_jn_021-1024x683.jpg 1024w, https:\/\/www.jaermuseet.no\/garborgheimen\/wp-content\/uploads\/sites\/15\/2018\/06\/080910_jn_021-300x200.jpg 300w, https:\/\/www.jaermuseet.no\/garborgheimen\/wp-content\/uploads\/sites\/15\/2018\/06\/080910_jn_021-250x167.jpg 250w\" sizes=\"auto, (max-width: 1024px) 100vw, 1024px\" \/><\/figure>\n\n\n\n<figure class=\"wp-block-image size-large\"><img loading=\"lazy\" decoding=\"async\" width=\"1024\" height=\"682\" data-id=\"54\" src=\"https:\/\/www.jaermuseet.no\/garborgheimen\/wp-content\/uploads\/sites\/15\/2015\/06\/080910_jn_004wp-1024x682.jpg\" alt=\"\" class=\"wp-image-54\" srcset=\"https:\/\/www.jaermuseet.no\/garborgheimen\/wp-content\/uploads\/sites\/15\/2015\/06\/080910_jn_004wp-1024x682.jpg 1024w, https:\/\/www.jaermuseet.no\/garborgheimen\/wp-content\/uploads\/sites\/15\/2015\/06\/080910_jn_004wp-300x200.jpg 300w, https:\/\/www.jaermuseet.no\/garborgheimen\/wp-content\/uploads\/sites\/15\/2015\/06\/080910_jn_004wp-250x167.jpg 250w, https:\/\/www.jaermuseet.no\/garborgheimen\/wp-content\/uploads\/sites\/15\/2015\/06\/080910_jn_004wp.jpg 1772w\" sizes=\"auto, (max-width: 1024px) 100vw, 1024px\" \/><\/figure>\n\n\n\n<figure class=\"wp-block-image size-large\"><img loading=\"lazy\" decoding=\"async\" width=\"1024\" height=\"682\" data-id=\"46\" src=\"https:\/\/www.jaermuseet.no\/garborgheimen\/wp-content\/uploads\/sites\/15\/2015\/06\/080910_jn_016wp-1024x682.jpg\" alt=\"\" class=\"wp-image-46\" srcset=\"https:\/\/www.jaermuseet.no\/garborgheimen\/wp-content\/uploads\/sites\/15\/2015\/06\/080910_jn_016wp-1024x682.jpg 1024w, https:\/\/www.jaermuseet.no\/garborgheimen\/wp-content\/uploads\/sites\/15\/2015\/06\/080910_jn_016wp-300x200.jpg 300w, https:\/\/www.jaermuseet.no\/garborgheimen\/wp-content\/uploads\/sites\/15\/2015\/06\/080910_jn_016wp-250x167.jpg 250w, https:\/\/www.jaermuseet.no\/garborgheimen\/wp-content\/uploads\/sites\/15\/2015\/06\/080910_jn_016wp.jpg 1772w\" sizes=\"auto, (max-width: 1024px) 100vw, 1024px\" \/><\/figure>\n\n\n\n<figure class=\"wp-block-image size-large\"><img loading=\"lazy\" decoding=\"async\" width=\"1024\" height=\"680\" data-id=\"45\" src=\"https:\/\/www.jaermuseet.no\/garborgheimen\/wp-content\/uploads\/sites\/15\/2015\/06\/080910_jn_017wp-1024x680.jpg\" alt=\"\" class=\"wp-image-45\" srcset=\"https:\/\/www.jaermuseet.no\/garborgheimen\/wp-content\/uploads\/sites\/15\/2015\/06\/080910_jn_017wp-1024x680.jpg 1024w, https:\/\/www.jaermuseet.no\/garborgheimen\/wp-content\/uploads\/sites\/15\/2015\/06\/080910_jn_017wp-300x199.jpg 300w, https:\/\/www.jaermuseet.no\/garborgheimen\/wp-content\/uploads\/sites\/15\/2015\/06\/080910_jn_017wp-250x166.jpg 250w\" sizes=\"auto, (max-width: 1024px) 100vw, 1024px\" \/><\/figure>\n<\/figure>\n\n\n\n<p>Foto: Jan Nordtveit.<\/p>\n\n\n\n<p>Garborgheimen er ogs\u00e5&nbsp;ein del av <a href=\"https:\/\/www.jaermuseet.no\/garborgheimen\/garborgloypa\/\">Garborgl\u00f8ypa<\/a>, i lag med Knudaheio og Time kyrkje. S\u00e5leis finn du sm\u00e5 skilt med QR-kodar i og rundt huset. Skannar du desse f\u00e5r du fram filmar og lysnuttar med handling fr\u00e5 livet i Garborgheimen og Arne Garborg sine b\u00f8ker. Mellom anna m\u00f8ter du diktaren b\u00e5de som ung og vaksen, foreldra hans og karakterar fr\u00e5 romanen Fred.<\/p>\n\n\n\n<figure class=\"wp-block-image alignnone wp-image-232 size-full\"><img loading=\"lazy\" decoding=\"async\" width=\"1920\" height=\"1080\" src=\"https:\/\/www.jaermuseet.no\/garborgheimen\/wp-content\/uploads\/sites\/15\/2018\/06\/Enok_Hove.jpg\" alt=\"\" class=\"wp-image-232\" srcset=\"https:\/\/www.jaermuseet.no\/garborgheimen\/wp-content\/uploads\/sites\/15\/2018\/06\/Enok_Hove.jpg 1920w, https:\/\/www.jaermuseet.no\/garborgheimen\/wp-content\/uploads\/sites\/15\/2018\/06\/Enok_Hove-300x169.jpg 300w, https:\/\/www.jaermuseet.no\/garborgheimen\/wp-content\/uploads\/sites\/15\/2018\/06\/Enok_Hove-1024x576.jpg 1024w, https:\/\/www.jaermuseet.no\/garborgheimen\/wp-content\/uploads\/sites\/15\/2018\/06\/Enok_Hove-250x141.jpg 250w\" sizes=\"auto, (max-width: 1920px) 100vw, 1920px\" \/><figcaption class=\"wp-element-caption\">Fr\u00e5 Garborgl\u00f8ypa: Vegar Hoel i rolla som Enok Hove i romanen Fred. Foto: Filmavdelingen AS.<\/figcaption><\/figure>\n","protected":false},"excerpt":{"rendered":"<p>Familien budde der fram til 1869 d\u00e5 Eivind Garborg tok&#8230;<\/p>\n","protected":false},"author":14,"featured_media":0,"parent":0,"menu_order":0,"comment_status":"open","ping_status":"open","template":"","meta":{"_acf_changed":false,"footnotes":""},"class_list":["post-2","page","type-page","status-publish","hentry","featured-image-size-large"],"acf":[],"yoast_head":"<!-- This site is optimized with the Yoast SEO plugin v27.4 - https:\/\/yoast.com\/product\/yoast-seo-wordpress\/ -->\n<title>Om Garborgheimen - Garborgheimen<\/title>\n<meta name=\"robots\" content=\"index, follow, max-snippet:-1, max-image-preview:large, max-video-preview:-1\" \/>\n<link rel=\"canonical\" href=\"https:\/\/www.jaermuseet.no\/garborgheimen\/om-garborgheimen\/\" \/>\n<meta property=\"og:locale\" content=\"nn_NO\" \/>\n<meta property=\"og:type\" content=\"article\" \/>\n<meta property=\"og:title\" content=\"Om Garborgheimen - Garborgheimen\" \/>\n<meta property=\"og:description\" content=\"Familien budde der fram til 1869 d\u00e5 Eivind Garborg tok...\" \/>\n<meta property=\"og:url\" content=\"https:\/\/www.jaermuseet.no\/garborgheimen\/om-garborgheimen\/\" \/>\n<meta property=\"og:site_name\" content=\"Garborgheimen\" \/>\n<meta property=\"article:modified_time\" content=\"2024-12-04T09:50:57+00:00\" \/>\n<meta property=\"og:image\" content=\"https:\/\/www.jaermuseet.no\/garborgheimen\/wp-content\/uploads\/sites\/15\/2018\/06\/080910_jn_012-1024x683.jpg\" \/>\n\t<meta property=\"og:image:width\" content=\"1024\" \/>\n\t<meta property=\"og:image:height\" content=\"683\" \/>\n\t<meta property=\"og:image:type\" content=\"image\/jpeg\" \/>\n<meta name=\"twitter:card\" content=\"summary_large_image\" \/>\n<meta name=\"twitter:label1\" content=\"Est. reading time\" \/>\n\t<meta name=\"twitter:data1\" content=\"4 minutt\" \/>\n<script type=\"application\/ld+json\" class=\"yoast-schema-graph\">{\"@context\":\"https:\\\/\\\/schema.org\",\"@graph\":[{\"@type\":\"WebPage\",\"@id\":\"https:\\\/\\\/www.jaermuseet.no\\\/garborgheimen\\\/om-garborgheimen\\\/\",\"url\":\"https:\\\/\\\/www.jaermuseet.no\\\/garborgheimen\\\/om-garborgheimen\\\/\",\"name\":\"Om Garborgheimen - Garborgheimen\",\"isPartOf\":{\"@id\":\"https:\\\/\\\/www.jaermuseet.no\\\/garborgheimen\\\/#website\"},\"primaryImageOfPage\":{\"@id\":\"https:\\\/\\\/www.jaermuseet.no\\\/garborgheimen\\\/om-garborgheimen\\\/#primaryimage\"},\"image\":{\"@id\":\"https:\\\/\\\/www.jaermuseet.no\\\/garborgheimen\\\/om-garborgheimen\\\/#primaryimage\"},\"thumbnailUrl\":\"https:\\\/\\\/www.jaermuseet.no\\\/garborgheimen\\\/wp-content\\\/uploads\\\/sites\\\/15\\\/2018\\\/06\\\/080910_jn_012-1024x683.jpg\",\"datePublished\":\"2015-02-27T13:13:10+00:00\",\"dateModified\":\"2024-12-04T09:50:57+00:00\",\"breadcrumb\":{\"@id\":\"https:\\\/\\\/www.jaermuseet.no\\\/garborgheimen\\\/om-garborgheimen\\\/#breadcrumb\"},\"inLanguage\":\"nn-NO\",\"potentialAction\":[{\"@type\":\"ReadAction\",\"target\":[\"https:\\\/\\\/www.jaermuseet.no\\\/garborgheimen\\\/om-garborgheimen\\\/\"]}]},{\"@type\":\"ImageObject\",\"inLanguage\":\"nn-NO\",\"@id\":\"https:\\\/\\\/www.jaermuseet.no\\\/garborgheimen\\\/om-garborgheimen\\\/#primaryimage\",\"url\":\"https:\\\/\\\/www.jaermuseet.no\\\/garborgheimen\\\/wp-content\\\/uploads\\\/sites\\\/15\\\/2018\\\/06\\\/080910_jn_012.jpg\",\"contentUrl\":\"https:\\\/\\\/www.jaermuseet.no\\\/garborgheimen\\\/wp-content\\\/uploads\\\/sites\\\/15\\\/2018\\\/06\\\/080910_jn_012.jpg\",\"width\":3543,\"height\":2362},{\"@type\":\"BreadcrumbList\",\"@id\":\"https:\\\/\\\/www.jaermuseet.no\\\/garborgheimen\\\/om-garborgheimen\\\/#breadcrumb\",\"itemListElement\":[{\"@type\":\"ListItem\",\"position\":1,\"name\":\"Hjem\",\"item\":\"https:\\\/\\\/www.jaermuseet.no\\\/garborgheimen\\\/\"},{\"@type\":\"ListItem\",\"position\":2,\"name\":\"Om Garborgheimen\"}]},{\"@type\":\"WebSite\",\"@id\":\"https:\\\/\\\/www.jaermuseet.no\\\/garborgheimen\\\/#website\",\"url\":\"https:\\\/\\\/www.jaermuseet.no\\\/garborgheimen\\\/\",\"name\":\"Garborgheimen\",\"description\":\"Arne Garborg sin barndomsheim\",\"potentialAction\":[{\"@type\":\"SearchAction\",\"target\":{\"@type\":\"EntryPoint\",\"urlTemplate\":\"https:\\\/\\\/www.jaermuseet.no\\\/garborgheimen\\\/?s={search_term_string}\"},\"query-input\":{\"@type\":\"PropertyValueSpecification\",\"valueRequired\":true,\"valueName\":\"search_term_string\"}}],\"inLanguage\":\"nn-NO\"}]}<\/script>\n<!-- \/ Yoast SEO plugin. -->","yoast_head_json":{"title":"Om Garborgheimen - Garborgheimen","robots":{"index":"index","follow":"follow","max-snippet":"max-snippet:-1","max-image-preview":"max-image-preview:large","max-video-preview":"max-video-preview:-1"},"canonical":"https:\/\/www.jaermuseet.no\/garborgheimen\/om-garborgheimen\/","og_locale":"nn_NO","og_type":"article","og_title":"Om Garborgheimen - Garborgheimen","og_description":"Familien budde der fram til 1869 d\u00e5 Eivind Garborg tok...","og_url":"https:\/\/www.jaermuseet.no\/garborgheimen\/om-garborgheimen\/","og_site_name":"Garborgheimen","article_modified_time":"2024-12-04T09:50:57+00:00","og_image":[{"width":1024,"height":683,"url":"https:\/\/www.jaermuseet.no\/garborgheimen\/wp-content\/uploads\/sites\/15\/2018\/06\/080910_jn_012-1024x683.jpg","type":"image\/jpeg"}],"twitter_card":"summary_large_image","twitter_misc":{"Est. reading time":"4 minutt"},"schema":{"@context":"https:\/\/schema.org","@graph":[{"@type":"WebPage","@id":"https:\/\/www.jaermuseet.no\/garborgheimen\/om-garborgheimen\/","url":"https:\/\/www.jaermuseet.no\/garborgheimen\/om-garborgheimen\/","name":"Om Garborgheimen - Garborgheimen","isPartOf":{"@id":"https:\/\/www.jaermuseet.no\/garborgheimen\/#website"},"primaryImageOfPage":{"@id":"https:\/\/www.jaermuseet.no\/garborgheimen\/om-garborgheimen\/#primaryimage"},"image":{"@id":"https:\/\/www.jaermuseet.no\/garborgheimen\/om-garborgheimen\/#primaryimage"},"thumbnailUrl":"https:\/\/www.jaermuseet.no\/garborgheimen\/wp-content\/uploads\/sites\/15\/2018\/06\/080910_jn_012-1024x683.jpg","datePublished":"2015-02-27T13:13:10+00:00","dateModified":"2024-12-04T09:50:57+00:00","breadcrumb":{"@id":"https:\/\/www.jaermuseet.no\/garborgheimen\/om-garborgheimen\/#breadcrumb"},"inLanguage":"nn-NO","potentialAction":[{"@type":"ReadAction","target":["https:\/\/www.jaermuseet.no\/garborgheimen\/om-garborgheimen\/"]}]},{"@type":"ImageObject","inLanguage":"nn-NO","@id":"https:\/\/www.jaermuseet.no\/garborgheimen\/om-garborgheimen\/#primaryimage","url":"https:\/\/www.jaermuseet.no\/garborgheimen\/wp-content\/uploads\/sites\/15\/2018\/06\/080910_jn_012.jpg","contentUrl":"https:\/\/www.jaermuseet.no\/garborgheimen\/wp-content\/uploads\/sites\/15\/2018\/06\/080910_jn_012.jpg","width":3543,"height":2362},{"@type":"BreadcrumbList","@id":"https:\/\/www.jaermuseet.no\/garborgheimen\/om-garborgheimen\/#breadcrumb","itemListElement":[{"@type":"ListItem","position":1,"name":"Hjem","item":"https:\/\/www.jaermuseet.no\/garborgheimen\/"},{"@type":"ListItem","position":2,"name":"Om Garborgheimen"}]},{"@type":"WebSite","@id":"https:\/\/www.jaermuseet.no\/garborgheimen\/#website","url":"https:\/\/www.jaermuseet.no\/garborgheimen\/","name":"Garborgheimen","description":"Arne Garborg sin barndomsheim","potentialAction":[{"@type":"SearchAction","target":{"@type":"EntryPoint","urlTemplate":"https:\/\/www.jaermuseet.no\/garborgheimen\/?s={search_term_string}"},"query-input":{"@type":"PropertyValueSpecification","valueRequired":true,"valueName":"search_term_string"}}],"inLanguage":"nn-NO"}]}},"jetpack_sharing_enabled":true,"_links":{"self":[{"href":"https:\/\/www.jaermuseet.no\/garborgheimen\/wp-json\/wp\/v2\/pages\/2","targetHints":{"allow":["GET"]}}],"collection":[{"href":"https:\/\/www.jaermuseet.no\/garborgheimen\/wp-json\/wp\/v2\/pages"}],"about":[{"href":"https:\/\/www.jaermuseet.no\/garborgheimen\/wp-json\/wp\/v2\/types\/page"}],"author":[{"embeddable":true,"href":"https:\/\/www.jaermuseet.no\/garborgheimen\/wp-json\/wp\/v2\/users\/14"}],"replies":[{"embeddable":true,"href":"https:\/\/www.jaermuseet.no\/garborgheimen\/wp-json\/wp\/v2\/comments?post=2"}],"version-history":[{"count":23,"href":"https:\/\/www.jaermuseet.no\/garborgheimen\/wp-json\/wp\/v2\/pages\/2\/revisions"}],"predecessor-version":[{"id":464,"href":"https:\/\/www.jaermuseet.no\/garborgheimen\/wp-json\/wp\/v2\/pages\/2\/revisions\/464"}],"wp:attachment":[{"href":"https:\/\/www.jaermuseet.no\/garborgheimen\/wp-json\/wp\/v2\/media?parent=2"}],"curies":[{"name":"wp","href":"https:\/\/api.w.org\/{rel}","templated":true}]}}