{"id":19,"date":"2014-06-07T16:57:54","date_gmt":"2014-06-07T14:57:54","guid":{"rendered":"https:\/\/www.jaermuseet.no\/garborgheimen\/?page_id=19"},"modified":"2025-08-18T11:26:35","modified_gmt":"2025-08-18T09:26:35","slug":"kontakt","status":"publish","type":"page","link":"https:\/\/www.jaermuseet.no\/garborgheimen\/kontakt\/","title":{"rendered":"Kontakt"},"content":{"rendered":"<p><strong><span class=\"jicons-text\">Telefon: <\/span><\/strong> <span class=\"contact-telephone\"> (+47) 47 77 60 20<\/span><br \/>\n<strong>E-post:<\/strong> <span class=\"contact-emailto\"><span id=\"cloak43378\"><a href=\"mailto:garborg@jaermuseet.no\">garborg@jaermuseet.no<\/a><\/span> <\/span><\/p>\n<p><strong>\u00d8nsker du \u00e5 gje ei g\u00e5ve til museet?\u00a0<\/strong><\/p>\n<p><a href=\"https:\/\/www.jaermuseet.no\/blog\/gje-gave-til-museet\/\">Les meir om det her.\u00a0<\/a><\/p>\n<hr \/>\n<h2>TILSETTE<\/h2>\n\r\n<div class=\"employees\" style=\"display: grid; grid-template-columns: repeat(auto-fill, minmax(250px, 1fr)); gap: 1.5rem;\">\r\n                    <div class=\"employee\">\r\n                            <img loading=\"lazy\" decoding=\"async\" width=\"400\" height=\"350\" src=\"https:\/\/www.jaermuseet.no\/garborgheimen\/wp-content\/uploads\/sites\/15\/2017\/05\/Inger-2-400x350.jpg\" class=\"employee-image wp-post-image\" alt=\"\" srcset=\"https:\/\/www.jaermuseet.no\/garborgheimen\/wp-content\/uploads\/sites\/15\/2017\/05\/Inger-2-400x350.jpg 400w, https:\/\/www.jaermuseet.no\/garborgheimen\/wp-content\/uploads\/sites\/15\/2017\/05\/Inger-2-400x350-300x263.jpg 300w, https:\/\/www.jaermuseet.no\/garborgheimen\/wp-content\/uploads\/sites\/15\/2017\/05\/Inger-2-400x350-250x219.jpg 250w\" sizes=\"auto, (max-width: 400px) 100vw, 400px\" \/>            \r\n            <h3 class=\"employee-name\">Inger Undheim<\/h3>\r\n\r\n                            <p class=\"employee-position\">Avdelingsdirekt\u00f8r<\/p>\r\n            \r\n            \r\n                            <img decoding=\"async\" class=\"employee-icons\" src=\"https:\/\/www.jaermuseet.no\/garborgheimen\/wp-content\/plugins\/hcal-employees\/templates\/..\/assets\/icons\/employees-icons.png\" alt=\"Ikoner\">\r\n                <p class=\"employee-phone\">\r\n                    <a href=\"te&#108;&#58;&#57;&#55;5&#51;25&#x32;9\">975 32 529<\/a>                                    <\/p>\r\n            \r\n                            <p class=\"employee-email\"><a href=\"mai&#x6c;t&#x6f;&#x3a;&#x69;&#110;u&#x40;&#x6a;&#97;&#101;&#114;m&#x75;&#115;e&#x65;&#116;.&#110;o\">&#x69;&#110;u&#x40;&#x6a;&#97;&#101;&#114;m&#x75;&#115;e&#x65;&#116;.&#110;o<\/a><\/p>\r\n                    <\/div>\r\n                    <div class=\"employee\">\r\n                            <img loading=\"lazy\" decoding=\"async\" width=\"400\" height=\"350\" src=\"https:\/\/www.jaermuseet.no\/garborgheimen\/wp-content\/uploads\/sites\/15\/2017\/05\/Gunhild-400x350.jpg\" class=\"employee-image wp-post-image\" alt=\"\" srcset=\"https:\/\/www.jaermuseet.no\/garborgheimen\/wp-content\/uploads\/sites\/15\/2017\/05\/Gunhild-400x350.jpg 400w, https:\/\/www.jaermuseet.no\/garborgheimen\/wp-content\/uploads\/sites\/15\/2017\/05\/Gunhild-400x350-300x263.jpg 300w, https:\/\/www.jaermuseet.no\/garborgheimen\/wp-content\/uploads\/sites\/15\/2017\/05\/Gunhild-400x350-250x219.jpg 250w\" sizes=\"auto, (max-width: 400px) 100vw, 400px\" \/>            \r\n            <h3 class=\"employee-name\">Gunhild Hammeraas<\/h3>\r\n\r\n                            <p class=\"employee-position\">Utstillingsleiar<\/p>\r\n            \r\n            \r\n                            <img decoding=\"async\" class=\"employee-icons\" src=\"https:\/\/www.jaermuseet.no\/garborgheimen\/wp-content\/plugins\/hcal-employees\/templates\/..\/assets\/icons\/employees-icons.png\" alt=\"Ikoner\">\r\n                <p class=\"employee-phone\">\r\n                    <a href=\"&#116;&#x65;&#x6c;&#x3a;&#x39;&#48;&#x34;&#55;5&#54;&#53;&#x36;\">904 75 656<\/a>                                    <\/p>\r\n            \r\n                            <p class=\"employee-email\"><a href=\"&#x6d;a&#105;&#108;to&#x3a;g&#117;&#104;&#64;j&#x61;&#101;&#114;&#x6d;&#x75;&#x73;e&#101;t&#46;no\">g&#117;&#104;&#64;j&#x61;&#101;&#114;&#x6d;&#x75;&#x73;e&#101;t&#46;no<\/a><\/p>\r\n                    <\/div>\r\n                    <div class=\"employee\">\r\n                            <img loading=\"lazy\" decoding=\"async\" width=\"400\" height=\"350\" src=\"https:\/\/www.jaermuseet.no\/garborgheimen\/wp-content\/uploads\/sites\/15\/2017\/05\/\u00d8rjan-400x350.jpg\" class=\"employee-image wp-post-image\" alt=\"\" srcset=\"https:\/\/www.jaermuseet.no\/garborgheimen\/wp-content\/uploads\/sites\/15\/2017\/05\/\u00d8rjan-400x350.jpg 400w, https:\/\/www.jaermuseet.no\/garborgheimen\/wp-content\/uploads\/sites\/15\/2017\/05\/\u00d8rjan-400x350-300x263.jpg 300w, https:\/\/www.jaermuseet.no\/garborgheimen\/wp-content\/uploads\/sites\/15\/2017\/05\/\u00d8rjan-400x350-250x219.jpg 250w\" sizes=\"auto, (max-width: 400px) 100vw, 400px\" \/>            \r\n            <h3 class=\"employee-name\">\u00d8rjan Zazzera Johansen<\/h3>\r\n\r\n                            <p class=\"employee-position\">Formidlar og informasjonsansvarleg<\/p>\r\n            \r\n            \r\n                            <img decoding=\"async\" class=\"employee-icons\" src=\"https:\/\/www.jaermuseet.no\/garborgheimen\/wp-content\/plugins\/hcal-employees\/templates\/..\/assets\/icons\/employees-icons.png\" alt=\"Ikoner\">\r\n                <p class=\"employee-phone\">\r\n                    <a href=\"&#x74;el&#x3a;&#x39;&#x39;&#48;&#x30;&#x33;4&#56;&#51;\">990 03 483<\/a>                                    <\/p>\r\n            \r\n                            <p class=\"employee-email\"><a href=\"ma&#105;&#x6c;&#x74;&#111;:&#111;e&#x6a;&#x40;&#x6a;&#97;e&#x72;&#109;u&#x73;&#x65;e&#x74;&#46;&#x6e;&#111;\">&#111;e&#x6a;&#x40;&#x6a;&#97;e&#x72;&#109;u&#x73;&#x65;e&#x74;&#46;&#x6e;&#111;<\/a><\/p>\r\n                    <\/div>\r\n                    <div class=\"employee\">\r\n                            <img loading=\"lazy\" decoding=\"async\" width=\"400\" height=\"350\" src=\"https:\/\/www.jaermuseet.no\/garborgheimen\/wp-content\/uploads\/sites\/15\/2020\/04\/Stian2-400x350.jpg\" class=\"employee-image wp-post-image\" alt=\"\" \/>            \r\n            <h3 class=\"employee-name\">Stian Ravndal<\/h3>\r\n\r\n                            <p class=\"employee-position\">Museumspedagog<\/p>\r\n            \r\n            \r\n                            <img decoding=\"async\" class=\"employee-icons\" src=\"https:\/\/www.jaermuseet.no\/garborgheimen\/wp-content\/plugins\/hcal-employees\/templates\/..\/assets\/icons\/employees-icons.png\" alt=\"Ikoner\">\r\n                <p class=\"employee-phone\">\r\n                    <a href=\"tel&#x3a;&#52;14&#x35;&#48;83&#x30;\">414 50 830<\/a>                                    <\/p>\r\n            \r\n                            <p class=\"employee-email\"><a href=\"&#x6d;&#x61;&#105;&#108;&#116;&#111;&#x3a;&#x73;&#x72;a&#x40;&#x6a;&#97;&#x65;&#x72;mu&#x73;e&#101;&#116;&#x2e;&#x6e;&#111;\">&#x73;&#x72;a&#x40;&#x6a;&#97;&#x65;&#x72;mu&#x73;e&#101;&#116;&#x2e;&#x6e;&#111;<\/a><\/p>\r\n                    <\/div>\r\n                    <div class=\"employee\">\r\n                            <img loading=\"lazy\" decoding=\"async\" width=\"400\" height=\"350\" src=\"https:\/\/www.jaermuseet.no\/garborgheimen\/wp-content\/uploads\/sites\/15\/2020\/04\/Emilie2-400x350.jpg\" class=\"employee-image wp-post-image\" alt=\"\" \/>            \r\n            <h3 class=\"employee-name\">Emilie Amdal Gjesteland<\/h3>\r\n\r\n                            <p class=\"employee-position\">Resepsjon- og museumsbutikkansvarleg<\/p>\r\n            \r\n            \r\n                            <img decoding=\"async\" class=\"employee-icons\" src=\"https:\/\/www.jaermuseet.no\/garborgheimen\/wp-content\/plugins\/hcal-employees\/templates\/..\/assets\/icons\/employees-icons.png\" alt=\"Ikoner\">\r\n                <p class=\"employee-phone\">\r\n                    <a href=\"&#116;e&#108;:&#x34;0&#x34;35&#x34;&#50;&#48;\">404 35 420<\/a>                                    <\/p>\r\n            \r\n                            <p class=\"employee-email\"><a href=\"&#109;&#x61;&#105;l&#116;o&#x3a;&#x65;&#x61;&#103;&#64;&#106;&#97;er&#109;u&#x73;&#x65;&#x65;&#x74;&#46;&#x6e;&#111;\">&#x65;&#x61;&#103;&#64;&#106;&#97;er&#109;u&#x73;&#x65;&#x65;&#x74;&#46;&#x6e;&#111;<\/a><\/p>\r\n                    <\/div>\r\n    <\/div>\n","protected":false},"excerpt":{"rendered":"<p>Telefon: (+47) 47 77 60 20 E-post: garborg@jaermuseet.no \u00d8nsker du&#8230;<\/p>\n","protected":false},"author":1,"featured_media":0,"parent":0,"menu_order":0,"comment_status":"open","ping_status":"open","template":"","meta":{"_acf_changed":false,"footnotes":""},"class_list":["post-19","page","type-page","status-publish","hentry"],"acf":[],"yoast_head":"<!-- This site is optimized with the Yoast SEO plugin v27.4 - https:\/\/yoast.com\/product\/yoast-seo-wordpress\/ -->\n<title>Kontakt - Garborgheimen<\/title>\n<meta name=\"robots\" content=\"index, follow, max-snippet:-1, max-image-preview:large, max-video-preview:-1\" \/>\n<link rel=\"canonical\" href=\"https:\/\/www.jaermuseet.no\/garborgheimen\/kontakt\/\" \/>\n<meta property=\"og:locale\" content=\"nn_NO\" \/>\n<meta property=\"og:type\" content=\"article\" \/>\n<meta property=\"og:title\" content=\"Kontakt - Garborgheimen\" \/>\n<meta property=\"og:description\" content=\"Telefon: (+47) 47 77 60 20 E-post: garborg@jaermuseet.no \u00d8nsker du...\" \/>\n<meta property=\"og:url\" content=\"https:\/\/www.jaermuseet.no\/garborgheimen\/kontakt\/\" \/>\n<meta property=\"og:site_name\" content=\"Garborgheimen\" \/>\n<meta property=\"article:modified_time\" content=\"2025-08-18T09:26:35+00:00\" \/>\n<meta name=\"twitter:card\" content=\"summary_large_image\" \/>\n<meta name=\"twitter:label1\" content=\"Est. reading time\" \/>\n\t<meta name=\"twitter:data1\" content=\"1 minutt\" \/>\n<script type=\"application\/ld+json\" class=\"yoast-schema-graph\">{\"@context\":\"https:\\\/\\\/schema.org\",\"@graph\":[{\"@type\":\"WebPage\",\"@id\":\"https:\\\/\\\/www.jaermuseet.no\\\/garborgheimen\\\/kontakt\\\/\",\"url\":\"https:\\\/\\\/www.jaermuseet.no\\\/garborgheimen\\\/kontakt\\\/\",\"name\":\"Kontakt - Garborgheimen\",\"isPartOf\":{\"@id\":\"https:\\\/\\\/www.jaermuseet.no\\\/garborgheimen\\\/#website\"},\"datePublished\":\"2014-06-07T14:57:54+00:00\",\"dateModified\":\"2025-08-18T09:26:35+00:00\",\"breadcrumb\":{\"@id\":\"https:\\\/\\\/www.jaermuseet.no\\\/garborgheimen\\\/kontakt\\\/#breadcrumb\"},\"inLanguage\":\"nn-NO\",\"potentialAction\":[{\"@type\":\"ReadAction\",\"target\":[\"https:\\\/\\\/www.jaermuseet.no\\\/garborgheimen\\\/kontakt\\\/\"]}]},{\"@type\":\"BreadcrumbList\",\"@id\":\"https:\\\/\\\/www.jaermuseet.no\\\/garborgheimen\\\/kontakt\\\/#breadcrumb\",\"itemListElement\":[{\"@type\":\"ListItem\",\"position\":1,\"name\":\"Hjem\",\"item\":\"https:\\\/\\\/www.jaermuseet.no\\\/garborgheimen\\\/\"},{\"@type\":\"ListItem\",\"position\":2,\"name\":\"Kontakt\"}]},{\"@type\":\"WebSite\",\"@id\":\"https:\\\/\\\/www.jaermuseet.no\\\/garborgheimen\\\/#website\",\"url\":\"https:\\\/\\\/www.jaermuseet.no\\\/garborgheimen\\\/\",\"name\":\"Garborgheimen\",\"description\":\"Arne Garborg sin barndomsheim\",\"potentialAction\":[{\"@type\":\"SearchAction\",\"target\":{\"@type\":\"EntryPoint\",\"urlTemplate\":\"https:\\\/\\\/www.jaermuseet.no\\\/garborgheimen\\\/?s={search_term_string}\"},\"query-input\":{\"@type\":\"PropertyValueSpecification\",\"valueRequired\":true,\"valueName\":\"search_term_string\"}}],\"inLanguage\":\"nn-NO\"}]}<\/script>\n<!-- \/ Yoast SEO plugin. -->","yoast_head_json":{"title":"Kontakt - Garborgheimen","robots":{"index":"index","follow":"follow","max-snippet":"max-snippet:-1","max-image-preview":"max-image-preview:large","max-video-preview":"max-video-preview:-1"},"canonical":"https:\/\/www.jaermuseet.no\/garborgheimen\/kontakt\/","og_locale":"nn_NO","og_type":"article","og_title":"Kontakt - Garborgheimen","og_description":"Telefon: (+47) 47 77 60 20 E-post: garborg@jaermuseet.no \u00d8nsker du...","og_url":"https:\/\/www.jaermuseet.no\/garborgheimen\/kontakt\/","og_site_name":"Garborgheimen","article_modified_time":"2025-08-18T09:26:35+00:00","twitter_card":"summary_large_image","twitter_misc":{"Est. reading time":"1 minutt"},"schema":{"@context":"https:\/\/schema.org","@graph":[{"@type":"WebPage","@id":"https:\/\/www.jaermuseet.no\/garborgheimen\/kontakt\/","url":"https:\/\/www.jaermuseet.no\/garborgheimen\/kontakt\/","name":"Kontakt - Garborgheimen","isPartOf":{"@id":"https:\/\/www.jaermuseet.no\/garborgheimen\/#website"},"datePublished":"2014-06-07T14:57:54+00:00","dateModified":"2025-08-18T09:26:35+00:00","breadcrumb":{"@id":"https:\/\/www.jaermuseet.no\/garborgheimen\/kontakt\/#breadcrumb"},"inLanguage":"nn-NO","potentialAction":[{"@type":"ReadAction","target":["https:\/\/www.jaermuseet.no\/garborgheimen\/kontakt\/"]}]},{"@type":"BreadcrumbList","@id":"https:\/\/www.jaermuseet.no\/garborgheimen\/kontakt\/#breadcrumb","itemListElement":[{"@type":"ListItem","position":1,"name":"Hjem","item":"https:\/\/www.jaermuseet.no\/garborgheimen\/"},{"@type":"ListItem","position":2,"name":"Kontakt"}]},{"@type":"WebSite","@id":"https:\/\/www.jaermuseet.no\/garborgheimen\/#website","url":"https:\/\/www.jaermuseet.no\/garborgheimen\/","name":"Garborgheimen","description":"Arne Garborg sin barndomsheim","potentialAction":[{"@type":"SearchAction","target":{"@type":"EntryPoint","urlTemplate":"https:\/\/www.jaermuseet.no\/garborgheimen\/?s={search_term_string}"},"query-input":{"@type":"PropertyValueSpecification","valueRequired":true,"valueName":"search_term_string"}}],"inLanguage":"nn-NO"}]}},"jetpack_sharing_enabled":true,"_links":{"self":[{"href":"https:\/\/www.jaermuseet.no\/garborgheimen\/wp-json\/wp\/v2\/pages\/19","targetHints":{"allow":["GET"]}}],"collection":[{"href":"https:\/\/www.jaermuseet.no\/garborgheimen\/wp-json\/wp\/v2\/pages"}],"about":[{"href":"https:\/\/www.jaermuseet.no\/garborgheimen\/wp-json\/wp\/v2\/types\/page"}],"author":[{"embeddable":true,"href":"https:\/\/www.jaermuseet.no\/garborgheimen\/wp-json\/wp\/v2\/users\/1"}],"replies":[{"embeddable":true,"href":"https:\/\/www.jaermuseet.no\/garborgheimen\/wp-json\/wp\/v2\/comments?post=19"}],"version-history":[{"count":7,"href":"https:\/\/www.jaermuseet.no\/garborgheimen\/wp-json\/wp\/v2\/pages\/19\/revisions"}],"predecessor-version":[{"id":482,"href":"https:\/\/www.jaermuseet.no\/garborgheimen\/wp-json\/wp\/v2\/pages\/19\/revisions\/482"}],"wp:attachment":[{"href":"https:\/\/www.jaermuseet.no\/garborgheimen\/wp-json\/wp\/v2\/media?parent=19"}],"curies":[{"name":"wp","href":"https:\/\/api.w.org\/{rel}","templated":true}]}}