{"id":201,"date":"2016-06-07T16:35:55","date_gmt":"2016-06-07T14:35:55","guid":{"rendered":"https:\/\/www.jaermuseet.no\/flyhistorisk\/?page_id=201"},"modified":"2025-08-18T11:28:53","modified_gmt":"2025-08-18T09:28:53","slug":"kontakt","status":"publish","type":"page","link":"https:\/\/www.jaermuseet.no\/flyhistorisk\/kontakt\/","title":{"rendered":"Kontakt"},"content":{"rendered":"<p><strong>Adresse:<\/strong><br \/>\nSola Presteg\u00e5rdsveg 170<br \/>\n4050 Sola<\/p>\n<p>E-post: <a href=\"mailto:flyhistorisk@jaermuseet.no\">flyhistorisk@jaermuseet.no<br \/>\n<\/a>Telefon: (+47) 477 76 020<\/p>\n<p><strong>Faktura til J\u00e6rmuseet avd. Flyhistorisk Museum Sola:<\/strong><\/p>\n<p>Send gjerne faktura elektronisk. Aller helst \u00f8nsker me EHF-faktura til 971098767.<\/p>\n<p>Alternativt kan faktura sendast i pdf-format til\u00a0<a href=\"mailto:971098767@autoinvoice.no\">971098767@autoinvoice.no<\/a><\/p>\n<p><strong>\u00d8nsker du \u00e5 gje ei g\u00e5ve til museet?\u00a0<\/strong><\/p>\n<p><a href=\"https:\/\/www.jaermuseet.no\/blog\/gje-gave-til-museet\/\">Les meir om det her.\u00a0<\/a><\/p>\n<hr \/>\n<h2>TILSETTE<\/h2>\n\r\n<div class=\"employees\" style=\"display: grid; grid-template-columns: repeat(auto-fill, minmax(250px, 1fr)); gap: 1.5rem;\">\r\n                    <div class=\"employee\">\r\n                            <img loading=\"lazy\" decoding=\"async\" width=\"400\" height=\"350\" src=\"https:\/\/www.jaermuseet.no\/flyhistorisk\/wp-content\/uploads\/sites\/4\/2019\/12\/Eirik-G-1-400x350.jpg\" class=\"employee-image wp-post-image\" alt=\"\" \/>            \r\n            <h3 class=\"employee-name\">Eirik Gurandsrud<\/h3>\r\n\r\n                            <p class=\"employee-position\">avdelingsleder\/konservator NMF<\/p>\r\n            \r\n            \r\n                            <img decoding=\"async\" class=\"employee-icons\" src=\"https:\/\/www.jaermuseet.no\/flyhistorisk\/wp-content\/plugins\/hcal-employees\/templates\/..\/assets\/icons\/employees-icons.png\" alt=\"Ikoner\">\r\n                <p class=\"employee-phone\">\r\n                    <a href=\"&#x74;&#x65;l:95&#50;&#x32;&#x36;6&#56;9\">95 22 66 89<\/a>                                    <\/p>\r\n            \r\n                            <p class=\"employee-email\"><a href=\"&#109;&#97;i&#x6c;&#116;&#111;:&#x65;&#105;&#x67;&#x40;&#106;aer&#109;us&#x65;&#101;&#116;&#46;no\">&#x65;&#105;&#x67;&#x40;&#106;aer&#109;us&#x65;&#101;&#116;&#46;no<\/a><\/p>\r\n                    <\/div>\r\n                    <div class=\"employee\">\r\n                            <img loading=\"lazy\" decoding=\"async\" width=\"400\" height=\"350\" src=\"https:\/\/www.jaermuseet.no\/flyhistorisk\/wp-content\/uploads\/sites\/4\/2017\/05\/Sondre-B-400x350.jpg\" class=\"employee-image wp-post-image\" alt=\"\" srcset=\"https:\/\/www.jaermuseet.no\/flyhistorisk\/wp-content\/uploads\/sites\/4\/2017\/05\/Sondre-B-400x350.jpg 400w, https:\/\/www.jaermuseet.no\/flyhistorisk\/wp-content\/uploads\/sites\/4\/2017\/05\/Sondre-B-400x350-300x263.jpg 300w, https:\/\/www.jaermuseet.no\/flyhistorisk\/wp-content\/uploads\/sites\/4\/2017\/05\/Sondre-B-400x350-250x219.jpg 250w\" sizes=\"auto, (max-width: 400px) 100vw, 400px\" \/>            \r\n            <h3 class=\"employee-name\">Sondre B. Hvam<\/h3>\r\n\r\n                            <p class=\"employee-position\">driftsleiar\/konservator NMF, flyhistorisk museum Sola<\/p>\r\n            \r\n            \r\n                            <img decoding=\"async\" class=\"employee-icons\" src=\"https:\/\/www.jaermuseet.no\/flyhistorisk\/wp-content\/plugins\/hcal-employees\/templates\/..\/assets\/icons\/employees-icons.png\" alt=\"Ikoner\">\r\n                <p class=\"employee-phone\">\r\n                    <a href=\"&#x74;e&#x6c;:&#57;0&#54;2&#x39;&#x35;47\">90 62 95 47<\/a>                                    <\/p>\r\n            \r\n                            <p class=\"employee-email\"><a href=\"ma&#x69;&#x6c;&#116;&#111;&#x3a;s&#98;&#104;&#64;&#x6a;a&#x65;&#x72;m&#117;&#x73;e&#x65;t&#46;&#x6e;&#111;\">s&#98;&#104;&#64;&#x6a;a&#x65;&#x72;m&#117;&#x73;e&#x65;t&#46;&#x6e;&#111;<\/a><\/p>\r\n                    <\/div>\r\n                    <div class=\"employee\">\r\n                            <img loading=\"lazy\" decoding=\"async\" width=\"400\" height=\"350\" src=\"https:\/\/www.jaermuseet.no\/flyhistorisk\/wp-content\/uploads\/sites\/4\/2023\/08\/20230816_HAG-1-400x350.jpg\" class=\"employee-image wp-post-image\" alt=\"\" \/>            \r\n            <h3 class=\"employee-name\">Lars H Aalgaard Kingsr\u00f8d<\/h3>\r\n\r\n                            <p class=\"employee-position\">driftskoordinator<\/p>\r\n            \r\n            \r\n                            <img decoding=\"async\" class=\"employee-icons\" src=\"https:\/\/www.jaermuseet.no\/flyhistorisk\/wp-content\/plugins\/hcal-employees\/templates\/..\/assets\/icons\/employees-icons.png\" alt=\"Ikoner\">\r\n                <p class=\"employee-phone\">\r\n                    <a href=\"&#116;&#101;&#x6c;:&#x39;&#x36;64&#55;99&#x39;\">96 64 79 99<\/a>                                    <\/p>\r\n            \r\n                            <p class=\"employee-email\"><a href=\"m&#x61;&#x69;l&#x74;&#x6f;:&#108;h&#x61;k&#x40;&#106;ae&#114;m&#117;se&#101;&#116;.n&#x6f;\">&#108;h&#x61;k&#x40;&#106;ae&#114;m&#117;se&#101;&#116;.n&#x6f;<\/a><\/p>\r\n                    <\/div>\r\n    <\/div>\n","protected":false},"excerpt":{"rendered":"<p>Adresse: Sola Presteg\u00e5rdsveg 170 4050 Sola E-post: flyhistorisk@jaermuseet.no Telefon: (+47)&#8230;<\/p>\n","protected":false},"author":1,"featured_media":0,"parent":0,"menu_order":0,"comment_status":"closed","ping_status":"closed","template":"","meta":{"_acf_changed":false,"footnotes":""},"class_list":["post-201","page","type-page","status-publish","hentry"],"acf":[],"yoast_head":"<!-- This site is optimized with the Yoast SEO plugin v27.4 - https:\/\/yoast.com\/product\/yoast-seo-wordpress\/ -->\n<title>Kontakt - Flyhistorisk Museum Sola<\/title>\n<meta name=\"robots\" content=\"index, follow, max-snippet:-1, max-image-preview:large, max-video-preview:-1\" \/>\n<link rel=\"canonical\" href=\"https:\/\/www.jaermuseet.no\/flyhistorisk\/kontakt\/\" \/>\n<meta property=\"og:locale\" content=\"nn_NO\" \/>\n<meta property=\"og:type\" content=\"article\" \/>\n<meta property=\"og:title\" content=\"Kontakt - Flyhistorisk Museum Sola\" \/>\n<meta property=\"og:description\" content=\"Adresse: Sola Presteg\u00e5rdsveg 170 4050 Sola E-post: flyhistorisk@jaermuseet.no Telefon: (+47)...\" \/>\n<meta property=\"og:url\" content=\"https:\/\/www.jaermuseet.no\/flyhistorisk\/kontakt\/\" \/>\n<meta property=\"og:site_name\" content=\"Flyhistorisk Museum Sola\" \/>\n<meta property=\"article:modified_time\" content=\"2025-08-18T09:28:53+00:00\" \/>\n<meta name=\"twitter:card\" content=\"summary_large_image\" \/>\n<meta name=\"twitter:label1\" content=\"Est. reading time\" \/>\n\t<meta name=\"twitter:data1\" content=\"1 minutt\" \/>\n<script type=\"application\/ld+json\" class=\"yoast-schema-graph\">{\"@context\":\"https:\\\/\\\/schema.org\",\"@graph\":[{\"@type\":\"WebPage\",\"@id\":\"https:\\\/\\\/www.jaermuseet.no\\\/flyhistorisk\\\/kontakt\\\/\",\"url\":\"https:\\\/\\\/www.jaermuseet.no\\\/flyhistorisk\\\/kontakt\\\/\",\"name\":\"Kontakt - Flyhistorisk Museum Sola\",\"isPartOf\":{\"@id\":\"https:\\\/\\\/www.jaermuseet.no\\\/flyhistorisk\\\/#website\"},\"datePublished\":\"2016-06-07T14:35:55+00:00\",\"dateModified\":\"2025-08-18T09:28:53+00:00\",\"breadcrumb\":{\"@id\":\"https:\\\/\\\/www.jaermuseet.no\\\/flyhistorisk\\\/kontakt\\\/#breadcrumb\"},\"inLanguage\":\"nn-NO\",\"potentialAction\":[{\"@type\":\"ReadAction\",\"target\":[\"https:\\\/\\\/www.jaermuseet.no\\\/flyhistorisk\\\/kontakt\\\/\"]}]},{\"@type\":\"BreadcrumbList\",\"@id\":\"https:\\\/\\\/www.jaermuseet.no\\\/flyhistorisk\\\/kontakt\\\/#breadcrumb\",\"itemListElement\":[{\"@type\":\"ListItem\",\"position\":1,\"name\":\"Hjem\",\"item\":\"https:\\\/\\\/www.jaermuseet.no\\\/flyhistorisk\\\/\"},{\"@type\":\"ListItem\",\"position\":2,\"name\":\"Kontakt\"}]},{\"@type\":\"WebSite\",\"@id\":\"https:\\\/\\\/www.jaermuseet.no\\\/flyhistorisk\\\/#website\",\"url\":\"https:\\\/\\\/www.jaermuseet.no\\\/flyhistorisk\\\/\",\"name\":\"Flyhistorisk Museum Sola\",\"description\":\"One of Norway\u2019s largest civil collections of airplanes\",\"potentialAction\":[{\"@type\":\"SearchAction\",\"target\":{\"@type\":\"EntryPoint\",\"urlTemplate\":\"https:\\\/\\\/www.jaermuseet.no\\\/flyhistorisk\\\/?s={search_term_string}\"},\"query-input\":{\"@type\":\"PropertyValueSpecification\",\"valueRequired\":true,\"valueName\":\"search_term_string\"}}],\"inLanguage\":\"nn-NO\"}]}<\/script>\n<!-- \/ Yoast SEO plugin. -->","yoast_head_json":{"title":"Kontakt - Flyhistorisk Museum Sola","robots":{"index":"index","follow":"follow","max-snippet":"max-snippet:-1","max-image-preview":"max-image-preview:large","max-video-preview":"max-video-preview:-1"},"canonical":"https:\/\/www.jaermuseet.no\/flyhistorisk\/kontakt\/","og_locale":"nn_NO","og_type":"article","og_title":"Kontakt - Flyhistorisk Museum Sola","og_description":"Adresse: Sola Presteg\u00e5rdsveg 170 4050 Sola E-post: flyhistorisk@jaermuseet.no Telefon: (+47)...","og_url":"https:\/\/www.jaermuseet.no\/flyhistorisk\/kontakt\/","og_site_name":"Flyhistorisk Museum Sola","article_modified_time":"2025-08-18T09:28:53+00:00","twitter_card":"summary_large_image","twitter_misc":{"Est. reading time":"1 minutt"},"schema":{"@context":"https:\/\/schema.org","@graph":[{"@type":"WebPage","@id":"https:\/\/www.jaermuseet.no\/flyhistorisk\/kontakt\/","url":"https:\/\/www.jaermuseet.no\/flyhistorisk\/kontakt\/","name":"Kontakt - Flyhistorisk Museum Sola","isPartOf":{"@id":"https:\/\/www.jaermuseet.no\/flyhistorisk\/#website"},"datePublished":"2016-06-07T14:35:55+00:00","dateModified":"2025-08-18T09:28:53+00:00","breadcrumb":{"@id":"https:\/\/www.jaermuseet.no\/flyhistorisk\/kontakt\/#breadcrumb"},"inLanguage":"nn-NO","potentialAction":[{"@type":"ReadAction","target":["https:\/\/www.jaermuseet.no\/flyhistorisk\/kontakt\/"]}]},{"@type":"BreadcrumbList","@id":"https:\/\/www.jaermuseet.no\/flyhistorisk\/kontakt\/#breadcrumb","itemListElement":[{"@type":"ListItem","position":1,"name":"Hjem","item":"https:\/\/www.jaermuseet.no\/flyhistorisk\/"},{"@type":"ListItem","position":2,"name":"Kontakt"}]},{"@type":"WebSite","@id":"https:\/\/www.jaermuseet.no\/flyhistorisk\/#website","url":"https:\/\/www.jaermuseet.no\/flyhistorisk\/","name":"Flyhistorisk Museum Sola","description":"One of Norway\u2019s largest civil collections of airplanes","potentialAction":[{"@type":"SearchAction","target":{"@type":"EntryPoint","urlTemplate":"https:\/\/www.jaermuseet.no\/flyhistorisk\/?s={search_term_string}"},"query-input":{"@type":"PropertyValueSpecification","valueRequired":true,"valueName":"search_term_string"}}],"inLanguage":"nn-NO"}]}},"jetpack_sharing_enabled":true,"_links":{"self":[{"href":"https:\/\/www.jaermuseet.no\/flyhistorisk\/wp-json\/wp\/v2\/pages\/201","targetHints":{"allow":["GET"]}}],"collection":[{"href":"https:\/\/www.jaermuseet.no\/flyhistorisk\/wp-json\/wp\/v2\/pages"}],"about":[{"href":"https:\/\/www.jaermuseet.no\/flyhistorisk\/wp-json\/wp\/v2\/types\/page"}],"author":[{"embeddable":true,"href":"https:\/\/www.jaermuseet.no\/flyhistorisk\/wp-json\/wp\/v2\/users\/1"}],"replies":[{"embeddable":true,"href":"https:\/\/www.jaermuseet.no\/flyhistorisk\/wp-json\/wp\/v2\/comments?post=201"}],"version-history":[{"count":5,"href":"https:\/\/www.jaermuseet.no\/flyhistorisk\/wp-json\/wp\/v2\/pages\/201\/revisions"}],"predecessor-version":[{"id":2704,"href":"https:\/\/www.jaermuseet.no\/flyhistorisk\/wp-json\/wp\/v2\/pages\/201\/revisions\/2704"}],"wp:attachment":[{"href":"https:\/\/www.jaermuseet.no\/flyhistorisk\/wp-json\/wp\/v2\/media?parent=201"}],"curies":[{"name":"wp","href":"https:\/\/api.w.org\/{rel}","templated":true}]}}