{"id":19,"date":"2012-05-22T09:23:04","date_gmt":"2012-05-22T08:23:04","guid":{"rendered":"https:\/\/www.jaermuseet.no\/flyhistorisk\/kafe-og-butikk\/"},"modified":"2025-04-22T15:25:03","modified_gmt":"2025-04-22T13:25:03","slug":"kafe-og-butikk","status":"publish","type":"page","link":"https:\/\/www.jaermuseet.no\/flyhistorisk\/kafe-og-butikk\/","title":{"rendered":"Kaf\u00e9 og butikk"},"content":{"rendered":"\n<p>Flyhistorisk Museum Sola \u00e5pnet i 2025 et helt nytt foaj\u00e9bygg. Her finner du b\u00e5de resepsjon, kaf\u00e9, butikk, m\u00f8terom og toaletter. <\/p>\n\n\n\n<figure class=\"wp-block-gallery has-nested-images columns-default is-cropped wp-block-gallery-1 is-layout-flex wp-block-gallery-is-layout-flex\">\n<figure class=\"wp-block-image size-large\"><img loading=\"lazy\" decoding=\"async\" width=\"1024\" height=\"683\" data-id=\"2688\" src=\"https:\/\/www.jaermuseet.no\/flyhistorisk\/wp-content\/uploads\/sites\/4\/2025\/04\/250415_Flymuseet_Paske_Tirsdag0032cz9a0382-1024x683.jpg\" alt=\"\" class=\"wp-image-2688\" srcset=\"https:\/\/www.jaermuseet.no\/flyhistorisk\/wp-content\/uploads\/sites\/4\/2025\/04\/250415_Flymuseet_Paske_Tirsdag0032cz9a0382-1024x683.jpg 1024w, https:\/\/www.jaermuseet.no\/flyhistorisk\/wp-content\/uploads\/sites\/4\/2025\/04\/250415_Flymuseet_Paske_Tirsdag0032cz9a0382-300x200.jpg 300w, https:\/\/www.jaermuseet.no\/flyhistorisk\/wp-content\/uploads\/sites\/4\/2025\/04\/250415_Flymuseet_Paske_Tirsdag0032cz9a0382-200x133.jpg 200w, https:\/\/www.jaermuseet.no\/flyhistorisk\/wp-content\/uploads\/sites\/4\/2025\/04\/250415_Flymuseet_Paske_Tirsdag0032cz9a0382-1536x1024.jpg 1536w, https:\/\/www.jaermuseet.no\/flyhistorisk\/wp-content\/uploads\/sites\/4\/2025\/04\/250415_Flymuseet_Paske_Tirsdag0032cz9a0382-2048x1365.jpg 2048w\" sizes=\"auto, (max-width: 1024px) 100vw, 1024px\" \/><\/figure>\n\n\n\n<figure class=\"wp-block-image size-large\"><img loading=\"lazy\" decoding=\"async\" width=\"1024\" height=\"683\" data-id=\"2687\" src=\"https:\/\/www.jaermuseet.no\/flyhistorisk\/wp-content\/uploads\/sites\/4\/2025\/04\/250415_Flymuseet_Paske_Tirsdag0026cz9a0336-1024x683.jpg\" alt=\"\" class=\"wp-image-2687\" srcset=\"https:\/\/www.jaermuseet.no\/flyhistorisk\/wp-content\/uploads\/sites\/4\/2025\/04\/250415_Flymuseet_Paske_Tirsdag0026cz9a0336-1024x683.jpg 1024w, https:\/\/www.jaermuseet.no\/flyhistorisk\/wp-content\/uploads\/sites\/4\/2025\/04\/250415_Flymuseet_Paske_Tirsdag0026cz9a0336-300x200.jpg 300w, https:\/\/www.jaermuseet.no\/flyhistorisk\/wp-content\/uploads\/sites\/4\/2025\/04\/250415_Flymuseet_Paske_Tirsdag0026cz9a0336-200x133.jpg 200w, https:\/\/www.jaermuseet.no\/flyhistorisk\/wp-content\/uploads\/sites\/4\/2025\/04\/250415_Flymuseet_Paske_Tirsdag0026cz9a0336-1536x1024.jpg 1536w, https:\/\/www.jaermuseet.no\/flyhistorisk\/wp-content\/uploads\/sites\/4\/2025\/04\/250415_Flymuseet_Paske_Tirsdag0026cz9a0336-2048x1365.jpg 2048w\" sizes=\"auto, (max-width: 1024px) 100vw, 1024px\" \/><\/figure>\n\n\n\n<figure class=\"wp-block-image size-large\"><img loading=\"lazy\" decoding=\"async\" width=\"1024\" height=\"683\" data-id=\"2686\" src=\"https:\/\/www.jaermuseet.no\/flyhistorisk\/wp-content\/uploads\/sites\/4\/2025\/04\/250415_Flymuseet_Paske_Tirsdag0024cz9a0327-1024x683.jpg\" alt=\"\" class=\"wp-image-2686\" srcset=\"https:\/\/www.jaermuseet.no\/flyhistorisk\/wp-content\/uploads\/sites\/4\/2025\/04\/250415_Flymuseet_Paske_Tirsdag0024cz9a0327-1024x683.jpg 1024w, https:\/\/www.jaermuseet.no\/flyhistorisk\/wp-content\/uploads\/sites\/4\/2025\/04\/250415_Flymuseet_Paske_Tirsdag0024cz9a0327-300x200.jpg 300w, https:\/\/www.jaermuseet.no\/flyhistorisk\/wp-content\/uploads\/sites\/4\/2025\/04\/250415_Flymuseet_Paske_Tirsdag0024cz9a0327-200x133.jpg 200w, https:\/\/www.jaermuseet.no\/flyhistorisk\/wp-content\/uploads\/sites\/4\/2025\/04\/250415_Flymuseet_Paske_Tirsdag0024cz9a0327-1536x1024.jpg 1536w, https:\/\/www.jaermuseet.no\/flyhistorisk\/wp-content\/uploads\/sites\/4\/2025\/04\/250415_Flymuseet_Paske_Tirsdag0024cz9a0327-2048x1365.jpg 2048w\" sizes=\"auto, (max-width: 1024px) 100vw, 1024px\" \/><\/figure>\n\n\n\n<figure class=\"wp-block-image size-large\"><img loading=\"lazy\" decoding=\"async\" width=\"1024\" height=\"683\" data-id=\"2685\" src=\"https:\/\/www.jaermuseet.no\/flyhistorisk\/wp-content\/uploads\/sites\/4\/2025\/04\/250415_Flymuseet_Paske_Tirsdag0023cz9a0321-1024x683.jpg\" alt=\"\" class=\"wp-image-2685\" srcset=\"https:\/\/www.jaermuseet.no\/flyhistorisk\/wp-content\/uploads\/sites\/4\/2025\/04\/250415_Flymuseet_Paske_Tirsdag0023cz9a0321-1024x683.jpg 1024w, https:\/\/www.jaermuseet.no\/flyhistorisk\/wp-content\/uploads\/sites\/4\/2025\/04\/250415_Flymuseet_Paske_Tirsdag0023cz9a0321-300x200.jpg 300w, https:\/\/www.jaermuseet.no\/flyhistorisk\/wp-content\/uploads\/sites\/4\/2025\/04\/250415_Flymuseet_Paske_Tirsdag0023cz9a0321-200x133.jpg 200w, https:\/\/www.jaermuseet.no\/flyhistorisk\/wp-content\/uploads\/sites\/4\/2025\/04\/250415_Flymuseet_Paske_Tirsdag0023cz9a0321-1536x1024.jpg 1536w, https:\/\/www.jaermuseet.no\/flyhistorisk\/wp-content\/uploads\/sites\/4\/2025\/04\/250415_Flymuseet_Paske_Tirsdag0023cz9a0321-2048x1365.jpg 2048w\" sizes=\"auto, (max-width: 1024px) 100vw, 1024px\" \/><\/figure>\n<\/figure>\n\n\n\n<p>Kaf\u00e9en selger p\u00e5smurte croissanter, nystekte lapper, kjeks, kaffe, is og brus. \u00d8nsker du \u00e5 ha et m\u00f8te p\u00e5 Flyhistorisk Museum, har vi en utvidet meny som tilbys. <\/p>\n\n\n\n<p>Butikken har et utvalg av faglitteratur om fly og luftfart, sm\u00e5leker, byggesett og plastmodeller av fly. <\/p>\n\n\n\n<p><\/p>\n\n\n\n<p>&nbsp;<\/p>\n","protected":false},"excerpt":{"rendered":"<p>Flyhistorisk Museum Sola \u00e5pnet i 2025 et helt nytt foaj\u00e9bygg&#8230;.<\/p>\n","protected":false},"author":3,"featured_media":2683,"parent":0,"menu_order":0,"comment_status":"open","ping_status":"open","template":"","meta":{"_acf_changed":false,"footnotes":""},"class_list":["post-19","page","type-page","status-publish","has-post-thumbnail","hentry","featured-image-size-large"],"acf":[],"yoast_head":"<!-- This site is optimized with the Yoast SEO plugin v27.4 - https:\/\/yoast.com\/product\/yoast-seo-wordpress\/ -->\n<title>Kaf\u00e9 og butikk - Flyhistorisk Museum Sola<\/title>\n<meta name=\"robots\" content=\"index, follow, max-snippet:-1, max-image-preview:large, max-video-preview:-1\" \/>\n<link rel=\"canonical\" href=\"https:\/\/www.jaermuseet.no\/flyhistorisk\/kafe-og-butikk\/\" \/>\n<meta property=\"og:locale\" content=\"nn_NO\" \/>\n<meta property=\"og:type\" content=\"article\" \/>\n<meta property=\"og:title\" content=\"Kaf\u00e9 og butikk - Flyhistorisk Museum Sola\" \/>\n<meta property=\"og:description\" content=\"Flyhistorisk Museum Sola \u00e5pnet i 2025 et helt nytt foaj\u00e9bygg....\" \/>\n<meta property=\"og:url\" content=\"https:\/\/www.jaermuseet.no\/flyhistorisk\/kafe-og-butikk\/\" \/>\n<meta property=\"og:site_name\" content=\"Flyhistorisk Museum Sola\" \/>\n<meta property=\"article:modified_time\" content=\"2025-04-22T13:25:03+00:00\" \/>\n<meta property=\"og:image\" content=\"https:\/\/www.jaermuseet.no\/flyhistorisk\/wp-content\/uploads\/sites\/4\/2025\/04\/250415_Flymuseet_Paske_Tirsdag0003cz9a0177-scaled.jpg\" \/>\n\t<meta property=\"og:image:width\" content=\"2560\" \/>\n\t<meta property=\"og:image:height\" content=\"1707\" \/>\n\t<meta property=\"og:image:type\" content=\"image\/jpeg\" \/>\n<meta name=\"twitter:card\" content=\"summary_large_image\" \/>\n<meta name=\"twitter:label1\" content=\"Est. reading time\" \/>\n\t<meta name=\"twitter:data1\" content=\"2 minutt\" \/>\n<script type=\"application\/ld+json\" class=\"yoast-schema-graph\">{\"@context\":\"https:\\\/\\\/schema.org\",\"@graph\":[{\"@type\":\"WebPage\",\"@id\":\"https:\\\/\\\/www.jaermuseet.no\\\/flyhistorisk\\\/kafe-og-butikk\\\/\",\"url\":\"https:\\\/\\\/www.jaermuseet.no\\\/flyhistorisk\\\/kafe-og-butikk\\\/\",\"name\":\"Kaf\u00e9 og butikk - Flyhistorisk Museum Sola\",\"isPartOf\":{\"@id\":\"https:\\\/\\\/www.jaermuseet.no\\\/flyhistorisk\\\/#website\"},\"primaryImageOfPage\":{\"@id\":\"https:\\\/\\\/www.jaermuseet.no\\\/flyhistorisk\\\/kafe-og-butikk\\\/#primaryimage\"},\"image\":{\"@id\":\"https:\\\/\\\/www.jaermuseet.no\\\/flyhistorisk\\\/kafe-og-butikk\\\/#primaryimage\"},\"thumbnailUrl\":\"https:\\\/\\\/www.jaermuseet.no\\\/flyhistorisk\\\/wp-content\\\/uploads\\\/sites\\\/4\\\/2025\\\/04\\\/250415_Flymuseet_Paske_Tirsdag0003cz9a0177-scaled.jpg\",\"datePublished\":\"2012-05-22T08:23:04+00:00\",\"dateModified\":\"2025-04-22T13:25:03+00:00\",\"breadcrumb\":{\"@id\":\"https:\\\/\\\/www.jaermuseet.no\\\/flyhistorisk\\\/kafe-og-butikk\\\/#breadcrumb\"},\"inLanguage\":\"nn-NO\",\"potentialAction\":[{\"@type\":\"ReadAction\",\"target\":[\"https:\\\/\\\/www.jaermuseet.no\\\/flyhistorisk\\\/kafe-og-butikk\\\/\"]}]},{\"@type\":\"ImageObject\",\"inLanguage\":\"nn-NO\",\"@id\":\"https:\\\/\\\/www.jaermuseet.no\\\/flyhistorisk\\\/kafe-og-butikk\\\/#primaryimage\",\"url\":\"https:\\\/\\\/www.jaermuseet.no\\\/flyhistorisk\\\/wp-content\\\/uploads\\\/sites\\\/4\\\/2025\\\/04\\\/250415_Flymuseet_Paske_Tirsdag0003cz9a0177-scaled.jpg\",\"contentUrl\":\"https:\\\/\\\/www.jaermuseet.no\\\/flyhistorisk\\\/wp-content\\\/uploads\\\/sites\\\/4\\\/2025\\\/04\\\/250415_Flymuseet_Paske_Tirsdag0003cz9a0177-scaled.jpg\",\"width\":2560,\"height\":1707},{\"@type\":\"BreadcrumbList\",\"@id\":\"https:\\\/\\\/www.jaermuseet.no\\\/flyhistorisk\\\/kafe-og-butikk\\\/#breadcrumb\",\"itemListElement\":[{\"@type\":\"ListItem\",\"position\":1,\"name\":\"Hjem\",\"item\":\"https:\\\/\\\/www.jaermuseet.no\\\/flyhistorisk\\\/\"},{\"@type\":\"ListItem\",\"position\":2,\"name\":\"Kaf\u00e9 og butikk\"}]},{\"@type\":\"WebSite\",\"@id\":\"https:\\\/\\\/www.jaermuseet.no\\\/flyhistorisk\\\/#website\",\"url\":\"https:\\\/\\\/www.jaermuseet.no\\\/flyhistorisk\\\/\",\"name\":\"Flyhistorisk Museum Sola\",\"description\":\"One of Norway\u2019s largest civil collections of airplanes\",\"potentialAction\":[{\"@type\":\"SearchAction\",\"target\":{\"@type\":\"EntryPoint\",\"urlTemplate\":\"https:\\\/\\\/www.jaermuseet.no\\\/flyhistorisk\\\/?s={search_term_string}\"},\"query-input\":{\"@type\":\"PropertyValueSpecification\",\"valueRequired\":true,\"valueName\":\"search_term_string\"}}],\"inLanguage\":\"nn-NO\"}]}<\/script>\n<!-- \/ Yoast SEO plugin. -->","yoast_head_json":{"title":"Kaf\u00e9 og butikk - Flyhistorisk Museum Sola","robots":{"index":"index","follow":"follow","max-snippet":"max-snippet:-1","max-image-preview":"max-image-preview:large","max-video-preview":"max-video-preview:-1"},"canonical":"https:\/\/www.jaermuseet.no\/flyhistorisk\/kafe-og-butikk\/","og_locale":"nn_NO","og_type":"article","og_title":"Kaf\u00e9 og butikk - Flyhistorisk Museum Sola","og_description":"Flyhistorisk Museum Sola \u00e5pnet i 2025 et helt nytt foaj\u00e9bygg....","og_url":"https:\/\/www.jaermuseet.no\/flyhistorisk\/kafe-og-butikk\/","og_site_name":"Flyhistorisk Museum Sola","article_modified_time":"2025-04-22T13:25:03+00:00","og_image":[{"width":2560,"height":1707,"url":"https:\/\/www.jaermuseet.no\/flyhistorisk\/wp-content\/uploads\/sites\/4\/2025\/04\/250415_Flymuseet_Paske_Tirsdag0003cz9a0177-scaled.jpg","type":"image\/jpeg"}],"twitter_card":"summary_large_image","twitter_misc":{"Est. reading time":"2 minutt"},"schema":{"@context":"https:\/\/schema.org","@graph":[{"@type":"WebPage","@id":"https:\/\/www.jaermuseet.no\/flyhistorisk\/kafe-og-butikk\/","url":"https:\/\/www.jaermuseet.no\/flyhistorisk\/kafe-og-butikk\/","name":"Kaf\u00e9 og butikk - Flyhistorisk Museum Sola","isPartOf":{"@id":"https:\/\/www.jaermuseet.no\/flyhistorisk\/#website"},"primaryImageOfPage":{"@id":"https:\/\/www.jaermuseet.no\/flyhistorisk\/kafe-og-butikk\/#primaryimage"},"image":{"@id":"https:\/\/www.jaermuseet.no\/flyhistorisk\/kafe-og-butikk\/#primaryimage"},"thumbnailUrl":"https:\/\/www.jaermuseet.no\/flyhistorisk\/wp-content\/uploads\/sites\/4\/2025\/04\/250415_Flymuseet_Paske_Tirsdag0003cz9a0177-scaled.jpg","datePublished":"2012-05-22T08:23:04+00:00","dateModified":"2025-04-22T13:25:03+00:00","breadcrumb":{"@id":"https:\/\/www.jaermuseet.no\/flyhistorisk\/kafe-og-butikk\/#breadcrumb"},"inLanguage":"nn-NO","potentialAction":[{"@type":"ReadAction","target":["https:\/\/www.jaermuseet.no\/flyhistorisk\/kafe-og-butikk\/"]}]},{"@type":"ImageObject","inLanguage":"nn-NO","@id":"https:\/\/www.jaermuseet.no\/flyhistorisk\/kafe-og-butikk\/#primaryimage","url":"https:\/\/www.jaermuseet.no\/flyhistorisk\/wp-content\/uploads\/sites\/4\/2025\/04\/250415_Flymuseet_Paske_Tirsdag0003cz9a0177-scaled.jpg","contentUrl":"https:\/\/www.jaermuseet.no\/flyhistorisk\/wp-content\/uploads\/sites\/4\/2025\/04\/250415_Flymuseet_Paske_Tirsdag0003cz9a0177-scaled.jpg","width":2560,"height":1707},{"@type":"BreadcrumbList","@id":"https:\/\/www.jaermuseet.no\/flyhistorisk\/kafe-og-butikk\/#breadcrumb","itemListElement":[{"@type":"ListItem","position":1,"name":"Hjem","item":"https:\/\/www.jaermuseet.no\/flyhistorisk\/"},{"@type":"ListItem","position":2,"name":"Kaf\u00e9 og butikk"}]},{"@type":"WebSite","@id":"https:\/\/www.jaermuseet.no\/flyhistorisk\/#website","url":"https:\/\/www.jaermuseet.no\/flyhistorisk\/","name":"Flyhistorisk Museum Sola","description":"One of Norway\u2019s largest civil collections of airplanes","potentialAction":[{"@type":"SearchAction","target":{"@type":"EntryPoint","urlTemplate":"https:\/\/www.jaermuseet.no\/flyhistorisk\/?s={search_term_string}"},"query-input":{"@type":"PropertyValueSpecification","valueRequired":true,"valueName":"search_term_string"}}],"inLanguage":"nn-NO"}]}},"jetpack_sharing_enabled":true,"_links":{"self":[{"href":"https:\/\/www.jaermuseet.no\/flyhistorisk\/wp-json\/wp\/v2\/pages\/19","targetHints":{"allow":["GET"]}}],"collection":[{"href":"https:\/\/www.jaermuseet.no\/flyhistorisk\/wp-json\/wp\/v2\/pages"}],"about":[{"href":"https:\/\/www.jaermuseet.no\/flyhistorisk\/wp-json\/wp\/v2\/types\/page"}],"author":[{"embeddable":true,"href":"https:\/\/www.jaermuseet.no\/flyhistorisk\/wp-json\/wp\/v2\/users\/3"}],"replies":[{"embeddable":true,"href":"https:\/\/www.jaermuseet.no\/flyhistorisk\/wp-json\/wp\/v2\/comments?post=19"}],"version-history":[{"count":4,"href":"https:\/\/www.jaermuseet.no\/flyhistorisk\/wp-json\/wp\/v2\/pages\/19\/revisions"}],"predecessor-version":[{"id":2690,"href":"https:\/\/www.jaermuseet.no\/flyhistorisk\/wp-json\/wp\/v2\/pages\/19\/revisions\/2690"}],"wp:featuredmedia":[{"embeddable":true,"href":"https:\/\/www.jaermuseet.no\/flyhistorisk\/wp-json\/wp\/v2\/media\/2683"}],"wp:attachment":[{"href":"https:\/\/www.jaermuseet.no\/flyhistorisk\/wp-json\/wp\/v2\/media?parent=19"}],"curies":[{"name":"wp","href":"https:\/\/api.w.org\/{rel}","templated":true}]}}